{"id":1833,"date":"2021-01-31T17:03:11","date_gmt":"2021-01-31T17:03:11","guid":{"rendered":"https:\/\/idcam.org\/?page_id=1833"},"modified":"2024-05-15T11:46:26","modified_gmt":"2024-05-15T11:46:26","slug":"call-for-papers","status":"publish","type":"page","link":"https:\/\/idcam.org\/tr\/call-for-papers\/","title":{"rendered":"Kongre Konular\u0131"},"content":{"rendered":"<div class=\"vc_row wpb_row vc_row-fluid\"><div class=\"wpb_column vc_column_container vc_col-sm-12\"><div class=\"vc_column-inner\"><div class=\"wpb_wrapper\">\n\t<div class=\"wpb_text_column wpb_content_element\" >\n\t\t<div class=\"wpb_wrapper\">\n\t\t\t<p><strong>Bildiri G\u00f6nderimi<\/strong><\/p>\n<p><span>Bildiri \u00f6zetlerinin T\u00fcrk\u00e7e ve \u0130ngilizce olacak \u015fekilde kongre web sitesi olan idcam.org \u00fczerinden online g\u00f6nderilmesi tek ge\u00e7erli bildiri g\u00f6nderim \u015feklidir. Sistemden ba\u011f\u0131ms\u0131z olarak e-mail yoluyla g\u00f6nderilen bildiriler de\u011ferlendirmeye al\u0131nmayacakt\u0131r.<\/span><\/p>\n<p><span>\u00a0<\/span><\/p>\n<p><span>G\u00f6nderilen t\u00fcm \u00f6zetler, iki yetkili hakem taraf\u0131ndan hakem de\u011ferlendirmesine tabi tutulacakt\u0131r.<\/span><\/p>\n<p><span>Kongrede kabul edilen bildiriler ISBN numaral\u0131 bildiri kitab\u0131nda yay\u0131nlanacakt\u0131r. Bildiri kitab\u0131 kongreden sonra web sitesinde yay\u0131nlanacakt\u0131r. Bildiri kitab\u0131, Scopus'ta indekslenmek \u00fczere ve olas\u0131 indeksleme i\u00e7in Google Akademik'e g\u00f6nderilecektir.<\/span><\/p>\n<p>&nbsp;<\/p>\n<p><strong>Sempozyum bildiri \u00f6zetleri bilimsel komite \u00fcyeleri taraf\u0131ndan bilimsel a\u00e7\u0131dan \u00f6n de\u011ferlendirmeye tabi tutulaca\u011f\u0131ndan sempozyum \"hakemli bir faaliyettir\". Sempozyum bilimsel program\u0131na dahil edilerek bildiri \u00f6zeti kitap\u00e7\u0131\u011f\u0131nda yer alan bildiri \u00f6zetleri \"uluslararas\u0131 hakemli bildiri \u00f6zeti\" do\u00e7entlik kriterlerine uygundur.<\/strong><\/p>\n<p><span>\u00a0<\/span><\/p>\n<p><strong>KONULAR<\/strong><\/p>\n<p><span>IDCAM 2022, di\u015f hekimli\u011finde eklemeli imalat alan\u0131ndaki yeni geli\u015fmelerin ve ara\u015ft\u0131rmalar\u0131n sunumu i\u00e7in \u00f6nc\u00fc bir forum sa\u011flar. Kongre, d\u00fcnyan\u0131n d\u00f6rt bir yan\u0131ndan  ilgili alanda \u00f6nde gelen ara\u015ft\u0131rmac\u0131lar\u0131 ve bilim adamlar\u0131n\u0131 bir araya getirecek.\nKongre ba\u015fl\u0131ca a\u015fa\u011f\u0131da belirtilen ba\u015fl\u0131klar\u0131 i\u00e7ermektedir:<\/span><\/p>\n<p><span>\u00a0<\/span><\/p>\n<ul>\n<li><strong>Additive Manufacturing in Prosthodontics<\/strong><\/li>\n<li><strong>Additive Manufacturing in Restorative Dentistry<\/strong><\/li>\n<li><strong>Additive Manufacturing in Pediatric Dentistry<\/strong><\/li>\n<li><strong>Doku m\u00fchendisli\u011finde eklemeli imalat<\/strong><\/li>\n<li><strong>Case Reports Restored with Additive Manufacturing Techniques<\/strong><\/li>\n<\/ul>\n\n\t\t<\/div>\n\t<\/div>\n<\/div><\/div><\/div><\/div><div class=\"vc_row wpb_row vc_row-fluid\"><div class=\"wpb_column vc_column_container vc_col-sm-12\"><div class=\"vc_column-inner\"><div class=\"wpb_wrapper\"><\/div><\/div><\/div><\/div><div class=\"vc_row wpb_row vc_row-fluid\"><div class=\"wpb_column vc_column_container vc_col-sm-12\"><div class=\"vc_column-inner\"><div class=\"wpb_wrapper\">\n\t<div class=\"wpb_text_column wpb_content_element\" >\n\t\t<div class=\"wpb_wrapper\">\n\t\t\t<p><strong>Sunum Format\u0131<\/strong><\/p>\n<p class=\" translation-block\">Kongremiz Uluslararas\u0131 bir kongredir. Sunum dilimiz T\u00fcrk\u00e7e olmas\u0131na ra\u011fmen istenildi\u011fi taktirde s\u00f6zl\u00fc veya poster sunumlar\u0131 \u0130ngilizce olarak haz\u0131rlanabilir. S\u00f6zl\u00fc sunum i\u00e7in slayt say\u0131s\u0131 k\u0131s\u0131tlamas\u0131 olmamas\u0131na ra\u011fmen, sunum s\u00fcresi i\u00e7in10 dk, +2 dk soru-cevap s\u00fcresi bulunmaktad\u0131r.\nPosterler 80x120 cm boyutlar\u0131nda haz\u0131rlanmal\u0131 ve yaz\u0131 karakteri 3 m uzakl\u0131ktan rahatl\u0131kla okunabilecek b\u00fcy\u00fckl\u00fckte olmal\u0131d\u0131r. Ba\u015fl\u0131k b\u00fcy\u00fck harflerle yaz\u0131lmal\u0131. Alt\u0131nda ki\u015filerin isim ve soy isimleri, en altta da yazar veya yazarlar\u0131n ba\u011fl\u0131 oldu\u011fu departman, kurum \/ hastane, \u015fehir, \u00fclke bildirilmelidir.\nSunumu yapan ki\u015finin ad\u0131n\u0131n alt\u0131 \u00e7izili olmal\u0131d\u0131r. \u00d6rnek Poster format\u0131 sitede mevcuttur.<\/p>\n<p>Kongrede poster\/s\u00f6zl\u00fc sunumu yapacak olan ki\u015finin, en ge\u00e7 17 May\u0131s 2024 tarihine kadar kay\u0131t yapt\u0131rm\u0131\u015f olmas\u0131 gerekmektedir.<\/p>\n\n\t\t<\/div>\n\t<\/div>\n<\/div><\/div><\/div><\/div>","protected":false},"excerpt":{"rendered":"Abstract Submission Abstracts should be submitted online in Turkish and English by using the abstracts system. Abstracts submitted by e-mail instead of using the system will not be taken into consideration. \u00a0 All submitted abstracts will be peer reviewed by two competent reviewers. Abstracts accepted in congress will be published in proceedings book with ISBN. [...]","protected":false},"author":1,"featured_media":0,"parent":0,"menu_order":0,"comment_status":"closed","ping_status":"closed","template":"","meta":{"footnotes":""},"class_list":["post-1833","page","type-page","status-publish","hentry"],"_links":{"self":[{"href":"https:\/\/idcam.org\/tr\/wp-json\/wp\/v2\/pages\/1833","targetHints":{"allow":["GET"]}}],"collection":[{"href":"https:\/\/idcam.org\/tr\/wp-json\/wp\/v2\/pages"}],"about":[{"href":"https:\/\/idcam.org\/tr\/wp-json\/wp\/v2\/types\/page"}],"author":[{"embeddable":true,"href":"https:\/\/idcam.org\/tr\/wp-json\/wp\/v2\/users\/1"}],"replies":[{"embeddable":true,"href":"https:\/\/idcam.org\/tr\/wp-json\/wp\/v2\/comments?post=1833"}],"version-history":[{"count":3,"href":"https:\/\/idcam.org\/tr\/wp-json\/wp\/v2\/pages\/1833\/revisions"}],"predecessor-version":[{"id":2835,"href":"https:\/\/idcam.org\/tr\/wp-json\/wp\/v2\/pages\/1833\/revisions\/2835"}],"wp:attachment":[{"href":"https:\/\/idcam.org\/tr\/wp-json\/wp\/v2\/media?parent=1833"}],"curies":[{"name":"wp","href":"https:\/\/api.w.org\/{rel}","templated":true}]}}