{"id":1840,"date":"2021-01-31T18:11:12","date_gmt":"2021-01-31T18:11:12","guid":{"rendered":"https:\/\/idcam.org\/?page_id=1840"},"modified":"2024-05-15T11:45:08","modified_gmt":"2024-05-15T11:45:08","slug":"organising-committee","status":"publish","type":"page","link":"https:\/\/idcam.org\/tr\/organising-committee\/","title":{"rendered":"Organizasyon Komitesi"},"content":{"rendered":"<div class=\"vc_row wpb_row vc_row-fluid\"><div class=\"wpb_column vc_column_container vc_col-sm-12\"><div class=\"vc_column-inner\"><div class=\"wpb_wrapper\">\n\t<div class=\"wpb_text_column wpb_content_element\" >\n\t\t<div class=\"wpb_wrapper\">\n\t\t\t<table width=\"968\">\n<tbody>\n<tr>\n<td width=\"192\"><strong>Chair<\/strong><\/td>\n<td width=\"288\">Prof. Dr. Hamdi O\u011fuz YOLDA\u015e<\/td>\n<td width=\"488\">\n<table>\n<tbody>\n<tr>\n<td width=\"223\">Di\u015f Hekimli\u011fi Fak\u00fcltesi Dekan\u0131, \u00c7ukurova \u00dcniversitesi<\/td>\n<\/tr>\n<\/tbody>\n<\/table>\n<\/td>\n<\/tr>\n<tr>\n<td><strong>\u00dcyeler<\/strong><\/td>\n<td>Prof. Dr. Koray SOYGUN (Ba\u015fkan)<\/td>\n<td>\u00c7ukurova \u00dcniversitesi Di\u015f Hekimli\u011fi Fak\u00fcltesi<\/td>\n<\/tr>\n<tr>\n<td><\/td>\n<td>Prof. Dr. Orhun EKREN<\/td>\n<td>\u00c7ukurova \u00dcniversitesi Di\u015f Hekimli\u011fi Fak\u00fcltesi<\/td>\n<\/tr>\n<tr>\n<td><\/td>\n<td>Do\u00e7. Dr. Esma Ba\u015fak G\u00dcL AYG\u00dcN<\/td>\n<td>\u00c7ukurova \u00dcniversitesi Di\u015f Hekimli\u011fi Fak\u00fcltesi<\/td>\n<\/tr>\n<tr>\n<td><\/td>\n<td>Do\u00e7. Dr. H\u00fcseyin Can T\u00dcKEL<\/td>\n<td>\u00c7ukurova \u00dcniversitesi Di\u015f Hekimli\u011fi Fak\u00fcltesi<\/td>\n<\/tr>\n<tr>\n<td><\/td>\n<td>Do\u00e7. Dr. Volkan \u00c7\u0130FT\u00c7\u0130<\/td>\n<td>\u00c7ukurova \u00dcniversitesi Di\u015f Hekimli\u011fi Fak\u00fcltesi<\/td>\n<\/tr>\n<tr>\n<td><\/td>\n<td>Do\u00e7. Dr. Zeliha Gonca BEK K\u00dcRKL\u00dc<\/td>\n<td>\u00c7ukurova \u00dcniversitesi Di\u015f Hekimli\u011fi Fak\u00fcltesi<\/td>\n<\/tr>\n<tr>\n<td><\/td>\n<td>Do\u00e7. Dr. Cihan K\u00dcDEN<\/td>\n<td>\u00c7ukurova \u00dcniversitesi Di\u015f Hekimli\u011fi Fak\u00fcltesi<\/td>\n<\/tr>\n<tr>\n<td><\/td>\n<td>Do\u00e7. Dr. Zehra S\u00dcSG\u00dcN YILDIRIM<\/td>\n<td>\u00c7ukurova \u00dcniversitesi Di\u015f Hekimli\u011fi Fak\u00fcltesi<\/td>\n<\/tr>\n<tr>\n<td><\/td>\n<td>Dr. \u00d6\u011fr. \u00dcyesi Ay\u00e7a \u00dcSTDAL G\u00dcNEY<\/td>\n<td>\u00c7ukurova \u00dcniversitesi Di\u015f Hekimli\u011fi Fak\u00fcltesi<\/td>\n<\/tr>\n<tr>\n<td><\/td>\n<td>Dr. \u00d6\u011fr. \u00dcyesi Ezgi SONKAYA<\/td>\n<td>\u00c7ukurova \u00dcniversitesi Di\u015f Hekimli\u011fi Fak\u00fcltesi<\/td>\n<\/tr>\n<tr>\n<td><\/td>\n<td>Dr. \u00d6\u011fr. \u00dcyesi Selin \u00c7EL\u0130K \u00d6GE<\/td>\n<td>\u00c7ukurova \u00dcniversitesi Di\u015f Hekimli\u011fi Fak\u00fcltesi<\/td>\n<\/tr>\n<tr>\n<td><\/td>\n<td>Dr. \u00d6\u011fr. \u00dcyesi Nazl\u0131 AYDIN<\/td>\n<td>\u00c7ukurova \u00dcniversitesi Di\u015f Hekimli\u011fi Fak\u00fcltesi<\/td>\n<\/tr>\n<tr>\n<td><strong>Congress Secreteria<\/strong><\/td>\n<td>Prof. Dr. Orhun EKREN (Ba\u015fkan)<\/td>\n<td>\u00c7ukurova \u00dcniversitesi Di\u015f Hekimli\u011fi Fak\u00fcltesi<\/td>\n<\/tr>\n<tr>\n<td><\/td>\n<td>Prof. Dr. Koray SOYGUN<\/td>\n<td>\u00c7ukurova \u00dcniversitesi Di\u015f Hekimli\u011fi Fak\u00fcltesi<\/td>\n<\/tr>\n<tr>\n<td><\/td>\n<td>Do\u00e7. Dr. Esma Ba\u015fak G\u00dcL AYG\u00dcN<\/td>\n<td>\u00c7ukurova \u00dcniversitesi Di\u015f Hekimli\u011fi Fak\u00fcltesi<\/td>\n<\/tr>\n<tr>\n<td><\/td>\n<td>Do\u00e7. Dr. Volkan \u00c7\u0130FT\u00c7\u0130<\/td>\n<td>\u00c7ukurova \u00dcniversitesi Di\u015f Hekimli\u011fi Fak\u00fcltesi<\/td>\n<\/tr>\n<\/tbody>\n<\/table>\n\n\t\t<\/div>\n\t<\/div>\n<\/div><\/div><\/div><\/div>","protected":false},"excerpt":{"rendered":"Chair Prof. Dr. Hamdi O\u011fuz YOLDA\u015e Dean of the Faculty of Dentistry, \u00c7ukurova University Members Prof. Dr. Koray SOYGUN (Ba\u015fkan) The Faculty of Dentistry, \u00c7ukurova University Prof. Dr. Orhun EKREN The Faculty of Dentistry, \u00c7ukurova University Do\u00e7. Dr. Esma Ba\u015fak G\u00dcL AYG\u00dcN The Faculty of Dentistry, \u00c7ukurova University Do\u00e7. Dr. H\u00fcseyin Can T\u00dcKEL The Faculty [...]","protected":false},"author":1,"featured_media":0,"parent":0,"menu_order":0,"comment_status":"closed","ping_status":"closed","template":"","meta":{"footnotes":""},"class_list":["post-1840","page","type-page","status-publish","hentry"],"_links":{"self":[{"href":"https:\/\/idcam.org\/tr\/wp-json\/wp\/v2\/pages\/1840","targetHints":{"allow":["GET"]}}],"collection":[{"href":"https:\/\/idcam.org\/tr\/wp-json\/wp\/v2\/pages"}],"about":[{"href":"https:\/\/idcam.org\/tr\/wp-json\/wp\/v2\/types\/page"}],"author":[{"embeddable":true,"href":"https:\/\/idcam.org\/tr\/wp-json\/wp\/v2\/users\/1"}],"replies":[{"embeddable":true,"href":"https:\/\/idcam.org\/tr\/wp-json\/wp\/v2\/comments?post=1840"}],"version-history":[{"count":1,"href":"https:\/\/idcam.org\/tr\/wp-json\/wp\/v2\/pages\/1840\/revisions"}],"predecessor-version":[{"id":2832,"href":"https:\/\/idcam.org\/tr\/wp-json\/wp\/v2\/pages\/1840\/revisions\/2832"}],"wp:attachment":[{"href":"https:\/\/idcam.org\/tr\/wp-json\/wp\/v2\/media?parent=1840"}],"curies":[{"name":"wp","href":"https:\/\/api.w.org\/{rel}","templated":true}]}}