{"id":1845,"date":"2021-01-31T18:42:04","date_gmt":"2021-01-31T18:42:04","guid":{"rendered":"https:\/\/idcam.org\/?page_id=1845"},"modified":"2024-05-15T11:43:46","modified_gmt":"2024-05-15T11:43:46","slug":"international-scientific-committee","status":"publish","type":"page","link":"https:\/\/idcam.org\/tr\/international-scientific-committee\/","title":{"rendered":"Uluslararas\u0131 Bilimsel Komite"},"content":{"rendered":"<div class=\"vc_row wpb_row vc_row-fluid\"><div class=\"wpb_column vc_column_container vc_col-sm-12\"><div class=\"vc_column-inner\"><div class=\"wpb_wrapper\">\n\t<div class=\"wpb_text_column wpb_content_element\" >\n\t\t<div class=\"wpb_wrapper\">\n\t\t\t<table width=\"968\">\n<tbody>\n<tr>\n<td width=\"192\"><strong>Uluslararas\u0131 Bilimsel Komite<\/strong><\/td>\n<td width=\"288\">Do\u00e7. Dr. Esma Ba\u015fak G\u00dcL AYG\u00dcN (Ba\u015fkan)<\/td>\n<td width=\"488\">\u00c7ukurova \u00dcniversitesi Di\u015f Hekimli\u011fi Fak\u00fcltesi<\/td>\n<\/tr>\n<tr>\n<td><\/td>\n<td>Prof. Dr. Burak YILMAZ<\/td>\n<td>University of Bern, School of Dental Medicine, Digital Dental Laboratory<\/td>\n<\/tr>\n<tr>\n<td><\/td>\n<td>Prof. Dr. Banu KARAYAZGAN<\/td>\n<td>University of Pittsburg, School of Dental Medicine<\/td>\n<\/tr>\n<tr>\n<td><\/td>\n<td>Prof. Dr. Yurdanur U\u00c7AR<\/td>\n<td>Private Clinic<\/td>\n<\/tr>\n<tr>\n<td><\/td>\n<td>Dr. Elisa PRADER\u0130 STANHAM<\/td>\n<td>General Dentist, Dental 3D Printing Expert, Formlabs<\/td>\n<\/tr>\n<tr>\n<td><\/td>\n<td>Prof. Dr. Koray SOYGUN<\/td>\n<td>\u00c7ukurova \u00dcniversitesi Di\u015f Hekimli\u011fi Fak\u00fcltesi<\/td>\n<\/tr>\n<tr>\n<td><\/td>\n<td>Prof. Dr. Orhun EKREN<\/td>\n<td>\u00c7ukurova \u00dcniversitesi Di\u015f Hekimli\u011fi Fak\u00fcltesi<\/td>\n<\/tr>\n<tr>\n<td><\/td>\n<td>Do\u00e7. Dr. Esma Ba\u015fak G\u00dcL AYG\u00dcN<\/td>\n<td>\u00c7ukurova \u00dcniversitesi Di\u015f Hekimli\u011fi Fak\u00fcltesi<\/td>\n<\/tr>\n<tr>\n<td><\/td>\n<td>Do\u00e7. Dr. H\u00fcseyin Can T\u00dcKEL<\/td>\n<td>\u00c7ukurova \u00dcniversitesi Di\u015f Hekimli\u011fi Fak\u00fcltesi<\/td>\n<\/tr>\n<tr>\n<td><\/td>\n<td>Do\u00e7. Dr. Volkan \u00c7\u0130FT\u00c7\u0130<\/td>\n<td>\u00c7ukurova \u00dcniversitesi Di\u015f Hekimli\u011fi Fak\u00fcltesi<\/td>\n<\/tr>\n<tr>\n<td><\/td>\n<td>Do\u00e7. Dr. Zeliha Gonca BEK K\u00dcRKL\u00dc<\/td>\n<td>\u00c7ukurova \u00dcniversitesi Di\u015f Hekimli\u011fi Fak\u00fcltesi<\/td>\n<\/tr>\n<tr>\n<td><\/td>\n<td>Do\u00e7. Dr. Cihan K\u00dcDEN<\/td>\n<td>\u00c7ukurova \u00dcniversitesi Di\u015f Hekimli\u011fi Fak\u00fcltesi<\/td>\n<\/tr>\n<tr>\n<td><\/td>\n<td>Do\u00e7. Dr. Zehra S\u00dcSG\u00dcN YILDIRIM<\/td>\n<td>\u00c7ukurova \u00dcniversitesi Di\u015f Hekimli\u011fi Fak\u00fcltesi<\/td>\n<\/tr>\n<tr>\n<td><\/td>\n<td>Dr. \u00d6\u011fr. \u00dcyesi Ay\u00e7a \u00dcSTDAL G\u00dcNEY<\/td>\n<td>\u00c7ukurova \u00dcniversitesi Di\u015f Hekimli\u011fi Fak\u00fcltesi<\/td>\n<\/tr>\n<tr>\n<td><\/td>\n<td>Dr. \u00d6\u011fr. \u00dcyesi Ezgi SONKAYA<\/td>\n<td>\u00c7ukurova \u00dcniversitesi Di\u015f Hekimli\u011fi Fak\u00fcltesi<\/td>\n<\/tr>\n<tr>\n<td><\/td>\n<td>Dr. \u00d6\u011fr. \u00dcyesi Selin \u00c7EL\u0130K \u00d6GE<\/td>\n<td>\u00c7ukurova \u00dcniversitesi Di\u015f Hekimli\u011fi Fak\u00fcltesi<\/td>\n<\/tr>\n<tr>\n<td><\/td>\n<td>Dr. \u00d6\u011fr. \u00dcyesi Nazl\u0131 AYDIN<\/td>\n<td>\u00c7ukurova \u00dcniversitesi Di\u015f Hekimli\u011fi Fak\u00fcltesi<\/td>\n<\/tr>\n<\/tbody>\n<\/table>\n\n\t\t<\/div>\n\t<\/div>\n<\/div><\/div><\/div><\/div>","protected":false},"excerpt":{"rendered":"International Scientific Committee Do\u00e7. Dr. Esma Ba\u015fak G\u00dcL AYG\u00dcN (Ba\u015fkan) The Faculty of Dentistry, \u00c7ukurova University Prof. Dr. Burak YILMAZ University of Bern, School of Dental Medicine, Digital Dental Laboratory Prof. Dr. Banu KARAYAZGAN University of Pittsburg, School of Dental Medicine Prof. Dr. Yurdanur U\u00c7AR Private Clinic Dr. Elisa PRADER\u0130 STANHAM General Dentist, Dental 3D [...]","protected":false},"author":1,"featured_media":0,"parent":0,"menu_order":0,"comment_status":"closed","ping_status":"closed","template":"","meta":{"footnotes":""},"class_list":["post-1845","page","type-page","status-publish","hentry"],"_links":{"self":[{"href":"https:\/\/idcam.org\/tr\/wp-json\/wp\/v2\/pages\/1845","targetHints":{"allow":["GET"]}}],"collection":[{"href":"https:\/\/idcam.org\/tr\/wp-json\/wp\/v2\/pages"}],"about":[{"href":"https:\/\/idcam.org\/tr\/wp-json\/wp\/v2\/types\/page"}],"author":[{"embeddable":true,"href":"https:\/\/idcam.org\/tr\/wp-json\/wp\/v2\/users\/1"}],"replies":[{"embeddable":true,"href":"https:\/\/idcam.org\/tr\/wp-json\/wp\/v2\/comments?post=1845"}],"version-history":[{"count":1,"href":"https:\/\/idcam.org\/tr\/wp-json\/wp\/v2\/pages\/1845\/revisions"}],"predecessor-version":[{"id":2833,"href":"https:\/\/idcam.org\/tr\/wp-json\/wp\/v2\/pages\/1845\/revisions\/2833"}],"wp:attachment":[{"href":"https:\/\/idcam.org\/tr\/wp-json\/wp\/v2\/media?parent=1845"}],"curies":[{"name":"wp","href":"https:\/\/api.w.org\/{rel}","templated":true}]}}