{"id":1873,"date":"2021-02-01T07:10:58","date_gmt":"2021-02-01T07:10:58","guid":{"rendered":"https:\/\/idcam.org\/?page_id=1873"},"modified":"2024-04-04T08:30:55","modified_gmt":"2024-04-04T08:30:55","slug":"submission-guidelines","status":"publish","type":"page","link":"https:\/\/idcam.org\/tr\/submission-guidelines\/","title":{"rendered":"Bildiri Yaz\u0131m Kurallar\u0131"},"content":{"rendered":"<div class=\"vc_row wpb_row vc_row-fluid\"><div class=\"wpb_column vc_column_container vc_col-sm-6\"><div class=\"vc_column-inner\"><div class=\"wpb_wrapper\"><div class=\"vc_btn3-container  wpb_animate_when_almost_visible wpb_bounceIn bounceIn vc_btn3-center\" ><a class=\"vc_general vc_btn3 vc_btn3-size-lg vc_btn3-shape-rounded vc_btn3-style-modern vc_btn3-block vc_btn3-icon-left vc_btn3-color-danger\" href=\"https:\/\/idcam.org\/wp-content\/uploads\/2024\/02\/paper_template_bildiri_taslak_IDCAM2024_.docx\" title=\"\" target=\"_blank\"><i class=\"vc_btn3-icon fas fa-download\"><\/i> Bildiri Tasla\u011f\u0131n\u0131 \u0130ndirmek \u0130\u00e7in T\u0131klay\u0131n\u0131z<\/a><\/div><\/div><\/div><\/div><div class=\"wpb_column vc_column_container vc_col-sm-6\"><div class=\"vc_column-inner\"><div class=\"wpb_wrapper\"><div class=\"vc_btn3-container  wpb_animate_when_almost_visible wpb_bounceIn bounceIn vc_btn3-center\" ><a class=\"vc_general vc_btn3 vc_btn3-size-lg vc_btn3-shape-rounded vc_btn3-style-modern vc_btn3-block vc_btn3-icon-left vc_btn3-color-violet\" href=\"https:\/\/idcam.org\/wp-content\/uploads\/2024\/02\/IDCAM_Poster_template_IDCAM2024_.ppt\" title=\"\" target=\"_blank\"><i class=\"vc_btn3-icon fas fa-download\"><\/i> Poster Tasla\u011f\u0131n\u0131 \u0130ndirmek \u0130\u00e7in T\u0131klay\u0131n\u0131z<\/a><\/div><\/div><\/div><\/div><\/div><div class=\"vc_row wpb_row vc_row-fluid\"><div class=\"wpb_column vc_column_container vc_col-sm-12\"><div class=\"vc_column-inner\"><div class=\"wpb_wrapper\">\n\t<div class=\"wpb_text_column wpb_content_element\" >\n\t\t<div class=\"wpb_wrapper\">\n\t\t\t<p>B\u0130LD\u0130R\u0130 \u00d6ZET\u0130 YAZIM KURALLARI<\/p>\n<ol>\n<li>Bildirilerde t\u00fcm yazarlar\u0131n ad\u0131 soyad\u0131 ve \u00e7al\u0131\u015ft\u0131klar\u0131 kurum bilgileri yaz\u0131lmal\u0131d\u0131r. Her bildiride bir adet \u201csorumlu yazar\u201d belirtilmeli, e-posta ve ileti\u015fim bilgileri yaz\u0131lmal\u0131d\u0131r.<\/li>\n<li>\u00d6zetler \u0130ngilizce ve T\u00fcrk\u00e7e yaz\u0131lmal\u0131d\u0131r.<\/li>\n<li>\u00d6zetin tamam\u0131 referanslar dahil, ba\u015fl\u0131k ve yazar adlar\u0131 hari\u00e7 300 kelimeyi ge\u00e7memelidir. (\u015eekil ve tablolar\u0131n\u0131z varsa dosyalar ayr\u0131ca y\u00fcklenmelidir.)<\/li>\n<li>Bildiri \u00f6zetleri ama\u00e7, y\u00f6ntem, bulgular ve sonu\u00e7 olarak d\u00fczenlenmelidir. Olgu sunumlar\u0131nda s\u0131ralama ama\u00e7, olgu sunumu ve tart\u0131\u015fma\/sonu\u00e7 olmal\u0131d\u0131r.<\/li>\n<li>Yazarlar, g\u00f6nderilen \u00f6zetleri son teslim tarihine kadar d\u00fczenleyebilir ve de\u011fi\u015ftirebilir. G\u00f6nderilen metnin yaz\u0131m veya dilbilgisi hatalar\u0131 i\u00e7ermedi\u011finden emin olmak yazarlar\u0131n sorumlulu\u011fundad\u0131r.<\/li>\n<li>Bildirilerin g\u00f6nderimi s\u0131ras\u0131nda mutlaka tercih edilen sunum \u015fekli (S\u00f6zl\u00fc Bildiri\/Poster Bildiri) belirtilmelidir. De\u011ferlendirme kurulu bildiri \u015feklini de\u011fi\u015ftirme hakk\u0131na sahiptir.<\/li>\n<li>Kongre web sayfas\u0131nda \u00f6zet, poster ve s\u00f6zl\u00fc sunumlar i\u00e7in taslaklar bulunmaktad\u0131r.<\/li>\n<li>Bildiri g\u00f6nderiminizin al\u0131nd\u0131 bilgisi e-posta ile g\u00f6nderilecektir. L\u00fctfen \u00f6zet g\u00f6nderdikten sonra bir e-posta onay\u0131 ald\u0131\u011f\u0131n\u0131zdan emin olun.<\/li>\n<li>De\u011ferlendirme sonras\u0131nda \u00e7al\u0131\u015fmalar\u0131n kabul edilip edilmedi\u011fi yazarlara e-posta ile bildirilecektir.<\/li>\n<li>S\u00f6zl\u00fc bildiri veya poster sunumlar\u0131 kabul edilen yazarlar\u0131n konferansa kay\u0131t yapt\u0131rmalar\u0131 gerekmektedir.<\/li>\n<li>Bir yazar yaln\u0131zca bir \u00f6zet (s\u00f6zl\u00fc bildiri veya poster bildiri) sunabilir, ancak bir\u00e7ok bildiride yazar olabilir.<\/li>\n<\/ol>\n<p>KABUL B\u0130LD\u0130R\u0130M\u0130<\/p>\n<p>G\u00f6nderilen t\u00fcm \u00f6zetler (veya tam metinler), Bilimsel Komite taraf\u0131ndan standart inceleme prosed\u00fcrlerine g\u00f6re incelenecektir. Kabul bildirimi, g\u00f6nderimden sonraki 15 g\u00fcn i\u00e7inde e-posta yoluyla sorumlu yazara bildirilecektir.<\/p>\n<p>&nbsp;<\/p>\n\n\t\t<\/div>\n\t<\/div>\n\n\t<div class=\"wpb_text_column wpb_content_element\" >\n\t\t<div class=\"wpb_wrapper\">\n\t\t\t<p><strong>Bildirilerin Geri \u00c7ekilmesi<\/strong><br \/>\nKabul edilen bir \u00f6zetin yazar\u0131, yazar kay\u0131t son tarihine kadar kay\u0131t yapt\u0131rmazsa, \u00f6zet otomatik olarak son programdan \u00e7ekilecektir. \u00d6zeti geri \u00e7ekmek istiyorsan\u0131z l\u00fctfen en k\u0131sa s\u00fcrede IDCAM 2024 Sekreterli\u011fi'ne (idcam.info@gmail.com) yaz\u0131l\u0131 olarak bilgi veriniz.<\/p>\n<p><strong>Son Bildiri G\u00f6nderim Tarihi<\/strong><br \/>\n<strong>10 May\u0131s 2024<\/strong><\/p>\n\n\t\t<\/div>\n\t<\/div>\n<\/div><\/div><\/div><\/div><div class=\"vc_row wpb_row vc_row-fluid\"><div class=\"wpb_column vc_column_container vc_col-sm-6\"><div class=\"vc_column-inner\"><div class=\"wpb_wrapper\"><div class=\"vc_btn3-container  wpb_animate_when_almost_visible wpb_bounceIn bounceIn vc_btn3-center\" ><a class=\"vc_general vc_btn3 vc_btn3-size-lg vc_btn3-shape-rounded vc_btn3-style-modern vc_btn3-block vc_btn3-icon-left vc_btn3-color-danger\" href=\"https:\/\/idcam.org\/wp-content\/uploads\/2022\/12\/paper_template_bildiri_taslak_IDCAM2023_.docx\" title=\"\" target=\"_blank\"><i class=\"vc_btn3-icon fas fa-download\"><\/i> Bildiri Tasla\u011f\u0131n\u0131 \u0130ndirmek \u0130\u00e7in T\u0131klay\u0131n\u0131z<\/a><\/div><\/div><\/div><\/div><div class=\"wpb_column vc_column_container vc_col-sm-6\"><div class=\"vc_column-inner\"><div class=\"wpb_wrapper\"><div class=\"vc_btn3-container  wpb_animate_when_almost_visible wpb_bounceIn bounceIn vc_btn3-center\" ><a class=\"vc_general vc_btn3 vc_btn3-size-lg vc_btn3-shape-rounded vc_btn3-style-modern vc_btn3-block vc_btn3-icon-left vc_btn3-color-danger\" href=\"https:\/\/idcam.org\/wp-content\/uploads\/2022\/12\/Bildiri_taslagi_IDCAM2023_.docx\" title=\"\" target=\"_blank\"><i class=\"vc_btn3-icon fas fa-download\"><\/i> Bildiri Tasla\u011f\u0131n\u0131 (T\u00fcrk\u00e7e) \u0130ndirmek \u0130\u00e7in T\u0131klay\u0131n\u0131z<\/a><\/div><\/div><\/div><\/div><\/div>","protected":false},"excerpt":{"rendered":"Please Click to Download Paper Template Please Click to Download Poster Template SUBMISSION GUIDELINES The abstracts should contain the name, surname and institution information of all authors. One \u201cresponsible author\u201d should be mentioned in each abstract including the e-mail address and contact information of the corresponding author. Abstracts must be written both in Turkish and\u00a0English. [...]","protected":false},"author":1,"featured_media":0,"parent":0,"menu_order":0,"comment_status":"closed","ping_status":"closed","template":"","meta":{"footnotes":""},"class_list":["post-1873","page","type-page","status-publish","hentry"],"_links":{"self":[{"href":"https:\/\/idcam.org\/tr\/wp-json\/wp\/v2\/pages\/1873","targetHints":{"allow":["GET"]}}],"collection":[{"href":"https:\/\/idcam.org\/tr\/wp-json\/wp\/v2\/pages"}],"about":[{"href":"https:\/\/idcam.org\/tr\/wp-json\/wp\/v2\/types\/page"}],"author":[{"embeddable":true,"href":"https:\/\/idcam.org\/tr\/wp-json\/wp\/v2\/users\/1"}],"replies":[{"embeddable":true,"href":"https:\/\/idcam.org\/tr\/wp-json\/wp\/v2\/comments?post=1873"}],"version-history":[{"count":3,"href":"https:\/\/idcam.org\/tr\/wp-json\/wp\/v2\/pages\/1873\/revisions"}],"predecessor-version":[{"id":2814,"href":"https:\/\/idcam.org\/tr\/wp-json\/wp\/v2\/pages\/1873\/revisions\/2814"}],"wp:attachment":[{"href":"https:\/\/idcam.org\/tr\/wp-json\/wp\/v2\/media?parent=1873"}],"curies":[{"name":"wp","href":"https:\/\/api.w.org\/{rel}","templated":true}]}}