{"id":1898,"date":"2021-02-01T07:50:19","date_gmt":"2021-02-01T07:50:19","guid":{"rendered":"https:\/\/idcam.org\/?page_id=1898"},"modified":"2024-04-21T18:02:44","modified_gmt":"2024-04-21T18:02:44","slug":"important-dates","status":"publish","type":"page","link":"https:\/\/idcam.org\/tr\/important-dates\/","title":{"rendered":"\u00d6NEML\u0130 TAR\u0130HLER"},"content":{"rendered":"<div class=\"vc_row wpb_row vc_row-fluid\"><div class=\"wpb_column vc_column_container vc_col-sm-12\"><div class=\"vc_column-inner\"><div class=\"wpb_wrapper\">\n\t<div class=\"wpb_text_column wpb_content_element\" >\n\t\t<div class=\"wpb_wrapper\">\n\t\t\t<p style=\"text-align: center;\"><strong>\u00d6NEML\u0130 TAR\u0130HLER<\/strong><\/p>\n<p style=\"text-align: center;\" class=\" translation-block\">\u00c7.\u00dc. Di\u015f Hekimli\u011fi Fak\u00fcltesi 2. Uluslararas\u0131 Di\u015f Hekimli\u011finde Eklemeli \u0130malat Kongresi<\/p>\n<p style=\"text-align: center;\"><span>\u00a0<\/span><span>IDCAM 2024<\/span><\/p>\n<p><span>\u00a0<\/span><span>\u00a0<\/span><\/p>\n<table width=\"604\">\n<tbody>\n<tr>\n<td width=\"275\"><strong>Bildiri son g\u00f6nderim tarihi<\/strong><\/td>\n<td width=\"330\">10 May\u0131s 2024<\/td>\n<\/tr>\n<tr>\n<td width=\"275\"><strong>Kabul bildirim tarihi<\/strong><\/td>\n<td width=\"330\">Bildiri giri\u015fini takip eden 15 g\u00fcn<\/td>\n<\/tr>\n<tr>\n<td width=\"275\"><strong>Kay\u0131t ba\u015flang\u0131c\u0131<\/strong><\/td>\n<td width=\"330\">April 10, 2024<\/td>\n<\/tr>\n<tr>\n<td width=\"275\"><strong>Erken kay\u0131t son tarihi<\/strong><\/td>\n<td width=\"330\">May 15, 2024<\/td>\n<\/tr>\n<tr>\n<td width=\"275\"><strong>Kongre tarihi<\/strong><\/td>\n<td width=\"330\">May 30 &#8211; 01 June, 2024<\/td>\n<\/tr>\n<\/tbody>\n<\/table>\n\n\t\t<\/div>\n\t<\/div>\n<div class=\"vc_btn3-container vc_btn3-center\" ><a class=\"vc_general vc_btn3 vc_btn3-size-lg vc_btn3-shape-rounded vc_btn3-style-modern vc_btn3-block vc_btn3-color-danger\" href=\"http:\/\/editorpanel.org\/idcam2024\/\" title=\"\" target=\"_blank\">B\u0130LD\u0130R\u0130 G\u00d6NDER\u0130M\u0130<\/a><\/div><\/div><\/div><\/div><\/div><div class=\"vc_row wpb_row vc_row-fluid\"><div class=\"wpb_column vc_column_container vc_col-sm-12\"><div class=\"vc_column-inner\"><div class=\"wpb_wrapper\"><\/div><\/div><\/div><\/div>","protected":false},"excerpt":{"rendered":"IMPORTANT DATES \u00c7ukurova University Faculty of Dentistry 2nd International Dental Congress on Additive Manufacturing \u00a0IDCAM 2024 \u00a0\u00a0 Submission Deadline May 10, 2024 Notification of Acceptance 15 days following the submission Registration Starts on April 10, 2024 Early Registration Deadline May 15, 2024 Congress Date May 30 - 01 June, 2024 SUBMISSION","protected":false},"author":1,"featured_media":0,"parent":0,"menu_order":0,"comment_status":"closed","ping_status":"closed","template":"","meta":{"footnotes":""},"class_list":["post-1898","page","type-page","status-publish","hentry"],"_links":{"self":[{"href":"https:\/\/idcam.org\/tr\/wp-json\/wp\/v2\/pages\/1898","targetHints":{"allow":["GET"]}}],"collection":[{"href":"https:\/\/idcam.org\/tr\/wp-json\/wp\/v2\/pages"}],"about":[{"href":"https:\/\/idcam.org\/tr\/wp-json\/wp\/v2\/types\/page"}],"author":[{"embeddable":true,"href":"https:\/\/idcam.org\/tr\/wp-json\/wp\/v2\/users\/1"}],"replies":[{"embeddable":true,"href":"https:\/\/idcam.org\/tr\/wp-json\/wp\/v2\/comments?post=1898"}],"version-history":[{"count":5,"href":"https:\/\/idcam.org\/tr\/wp-json\/wp\/v2\/pages\/1898\/revisions"}],"predecessor-version":[{"id":2818,"href":"https:\/\/idcam.org\/tr\/wp-json\/wp\/v2\/pages\/1898\/revisions\/2818"}],"wp:attachment":[{"href":"https:\/\/idcam.org\/tr\/wp-json\/wp\/v2\/media?parent=1898"}],"curies":[{"name":"wp","href":"https:\/\/api.w.org\/{rel}","templated":true}]}}