{"id":1903,"date":"2021-02-01T07:56:19","date_gmt":"2021-02-01T07:56:19","guid":{"rendered":"https:\/\/idcam.org\/?page_id=1903"},"modified":"2024-01-22T12:01:48","modified_gmt":"2024-01-22T12:01:48","slug":"venue","status":"publish","type":"page","link":"https:\/\/idcam.org\/tr\/venue\/","title":{"rendered":"Mekan"},"content":{"rendered":"<div class=\"vc_row wpb_row vc_row-fluid\"><div class=\"wpb_column vc_column_container vc_col-sm-12\"><div class=\"vc_column-inner\"><div class=\"wpb_wrapper\">\n\t<div class=\"wpb_text_column wpb_content_element\" >\n\t\t<div class=\"wpb_wrapper\">\n\t\t\t<p><span>Cukurova University Faculty of Dentistry 2nd International Dental Congress on Additive Manufacturing <\/span><span>\u00a0(IDCAM 2024) will be held at <strong>\u00c7ukurova University Mithat \u00d6zsan Amfisi<\/strong>, Adana\/TURKEY during 30 May &#8211; 01 June, 2024.<\/span><\/p>\n<p>&nbsp;<\/p>\n<h5><\/h5>\n<h5><span style=\"color: #ff0000;\"><a href=\"https:\/\/maps.app.goo.gl\/bwTbzzcKL9d3dt3R9\" style=\"color: #ff0000;\"><strong>YOL TAR\u0130F\u0130 ALMAK \u0130\u00c7\u0130N TIKLAYINIZ<\/strong><\/a><\/span><\/h5>\n<p>.<\/p>\n\n\t\t<\/div>\n\t<\/div>\n<div class=\"vc_row wpb_row vc_inner vc_row-fluid\"><div class=\"wpb_column vc_column_container vc_col-sm-12\"><div class=\"vc_column-inner\"><div class=\"wpb_wrapper\"><div  class =\"genesisexpo_module_spacing\"><div class=\"spacing_size spacing_size-initial\" style=\"height:20px;\"><\/div><\/div>  \n<\/div><\/div><\/div><\/div><\/div><\/div><\/div><\/div><div class=\"vc_row wpb_row vc_row-fluid\"><div class=\"wpb_column vc_column_container vc_col-sm-12\"><div class=\"vc_column-inner\"><div class=\"wpb_wrapper\"><div class=\"vc_btn3-container  wpb_animate_when_almost_visible wpb_bounceIn bounceIn vc_btn3-center\" ><a class=\"vc_general vc_btn3 vc_btn3-size-lg vc_btn3-shape-rounded vc_btn3-style-modern vc_btn3-icon-left vc_btn3-color-danger\" href=\"https:\/\/maps.app.goo.gl\/bwTbzzcKL9d3dt3R9\" title=\"\" target=\"_blank\"><i class=\"vc_btn3-icon fas fa-adjust\"><\/i> \u00c7ukurova University Mithat \u00d6zsan Amfisi<\/a><\/div><\/div><\/div><\/div><\/div>","protected":false},"excerpt":{"rendered":"Cukurova University Faculty of Dentistry 2nd International Dental Congress on Additive Manufacturing \u00a0(IDCAM 2024) will be held at \u00c7ukurova University Mithat \u00d6zsan Amfisi, Adana\/TURKEY during 30 May - 01 June, 2024. &nbsp; PLEASE CLICK TO GET DIRECTIONS . \u00c7ukurova University Mithat \u00d6zsan Amfisi","protected":false},"author":1,"featured_media":0,"parent":0,"menu_order":0,"comment_status":"closed","ping_status":"closed","template":"","meta":{"footnotes":""},"class_list":["post-1903","page","type-page","status-publish","hentry"],"_links":{"self":[{"href":"https:\/\/idcam.org\/tr\/wp-json\/wp\/v2\/pages\/1903","targetHints":{"allow":["GET"]}}],"collection":[{"href":"https:\/\/idcam.org\/tr\/wp-json\/wp\/v2\/pages"}],"about":[{"href":"https:\/\/idcam.org\/tr\/wp-json\/wp\/v2\/types\/page"}],"author":[{"embeddable":true,"href":"https:\/\/idcam.org\/tr\/wp-json\/wp\/v2\/users\/1"}],"replies":[{"embeddable":true,"href":"https:\/\/idcam.org\/tr\/wp-json\/wp\/v2\/comments?post=1903"}],"version-history":[{"count":2,"href":"https:\/\/idcam.org\/tr\/wp-json\/wp\/v2\/pages\/1903\/revisions"}],"predecessor-version":[{"id":2785,"href":"https:\/\/idcam.org\/tr\/wp-json\/wp\/v2\/pages\/1903\/revisions\/2785"}],"wp:attachment":[{"href":"https:\/\/idcam.org\/tr\/wp-json\/wp\/v2\/media?parent=1903"}],"curies":[{"name":"wp","href":"https:\/\/api.w.org\/{rel}","templated":true}]}}