{"id":2295,"date":"2021-06-15T11:12:06","date_gmt":"2021-06-15T11:12:06","guid":{"rendered":"https:\/\/idcam.org\/?page_id=2295"},"modified":"2024-05-06T12:48:03","modified_gmt":"2024-05-06T12:48:03","slug":"registration-fee-copy","status":"publish","type":"page","link":"https:\/\/idcam.org\/tr\/registration-fee-copy\/","title":{"rendered":"Kay\u0131t \u00dccreti"},"content":{"rendered":"<div class=\"vc_row wpb_row vc_row-fluid\"><div class=\"wpb_column vc_column_container vc_col-sm-6\"><div class=\"vc_column-inner\"><div class=\"wpb_wrapper\"><div id=\"genesisexpo_pricing_plan_69f9b88cc7ba6\" class=\"genesisexpo_module_pricing_plan wpb_animate_when_almost_visible wpb_bounceInDown bounceInDown\"><div class=\"pricing_plan_wrap\"><div class=\"pricing_header\" ><div class=\"pricing_icon_wrapper\"><div class=\"pricing_icon_container\"><i class=\"pricing_icon fas fa-lira-sign\" ><\/i><\/div><\/div><div class=\"pricing_punch\" style=\"background-color:#ffffff;\"><\/div><div class=\"pricing_price_wrap\" ><div class=\"pricing_price\">3750<\/div><div class=\"pricing_desc\" >Deadline: May 15, 2024<\/div><\/div><div class=\"pricing_title-wrapper\"><h4 class=\"pricing_title\" ><i class=\"flaticon-check-2\" style=\"color: #0add9a\"><\/i>ERKEN KAYIT<\/h4><\/div><\/div><div class=\"pricing_content\"><\/div><div class=\"pricing_footer\"><div id=\"genesisexpo_button_69f9b88cc81f0\" class=\"genesisexpo_module_button wgl_button wgl_button-xl wgl_button-full acenter\">\n\t<a href=\"https:\/\/idcam.org\/tr\/payment\/\" target=\"_blank\" style=\"border-radius:50px; border-width:1px; \" >\u00d6DEME<\/a>\n<\/div>\n    \n<\/div><\/div><\/div><\/div><\/div><\/div><div class=\"wpb_column vc_column_container vc_col-sm-6\"><div class=\"vc_column-inner\"><div class=\"wpb_wrapper\"><div id=\"genesisexpo_pricing_plan_69f9b88cc8442\" class=\"genesisexpo_module_pricing_plan wpb_animate_when_almost_visible wpb_bounceInDown bounceInDown\"><div class=\"pricing_plan_wrap\"><div class=\"pricing_header\" ><div class=\"pricing_icon_wrapper\"><div class=\"pricing_icon_container\"><i class=\"pricing_icon fas fa-lira-sign\" ><\/i><\/div><\/div><div class=\"pricing_punch\" style=\"background-color:#ffffff;\"><\/div><div class=\"pricing_price_wrap\" ><div class=\"pricing_price\">5000<\/div><div class=\"pricing_desc\" >After May 15, 2024<\/div><\/div><div class=\"pricing_title-wrapper\"><h4 class=\"pricing_title\" ><i class=\"flaticon-check-2\" style=\"color: #0add9a\"><\/i>GE\u00c7 KAYIT<\/h4><\/div><\/div><div class=\"pricing_content\"><\/div><div class=\"pricing_footer\"><div id=\"genesisexpo_button_69f9b88cc8590\" class=\"genesisexpo_module_button wgl_button wgl_button-xl wgl_button-full acenter\">\n\t<a href=\"https:\/\/idcam.org\/tr\/payment\/\" target=\"_blank\" style=\"border-radius:50px; border-width:1px; \" >\u00d6DEME<\/a>\n<\/div>\n    \n<\/div><\/div><\/div><\/div><\/div><\/div><\/div><div class=\"vc_row wpb_row vc_row-fluid\"><div class=\"wpb_column vc_column_container vc_col-sm-12\"><div class=\"vc_column-inner\"><div class=\"wpb_wrapper\"><div  class =\"genesisexpo_module_spacing\"><div class=\"spacing_size spacing_size-initial\" style=\"height:30px;\"><\/div><\/div>  \n\n\t<div class=\"wpb_text_column wpb_content_element\" >\n\t\t<div class=\"wpb_wrapper\">\n\t\t\t<p><span>Early Registration Fee (Deadline: May 15, 2024): <strong>3750 TL<\/strong><\/span><\/p>\n<p><span>Ge\u00e7 Kay\u0131t \u00dccreti: <strong>\u00a05000 TL<\/strong><\/span><\/p>\n<p><span>Registration Fee for Students and Assitances: <strong>\u00a03000 TL<\/strong><\/span><\/p>\n<p><span>G\u00fcnl\u00fck Kat\u0131l\u0131m \u00dccreti <strong>\u00a01500 TL<\/strong><\/span><\/p>\n<p>\u00c7ukurova \u00dcniversitesi Di\u015f Hekimli\u011fi Fak\u00fcltesi \u00d6\u011frencileri i\u00e7in Kay\u0131t \u00dccreti: <span><strong>\u00a0<\/strong><\/span><\/p>\n<p><span>Kay\u0131t \u00fccretine dahil olan hizmetler<\/span><\/p>\n<ol>\n<li><span> Kongrenin bilimsel program\u0131na ve fuar alan\u0131na giri\u015f hakk\u0131<\/span><\/li>\n<li><span> Kongre d\u00f6k\u00fcmanlar\u0131 (Kongre \u00e7antas\u0131, yaka kart\u0131 vs)<\/span><\/li>\n<li><span> \u00d6\u011fle yemekleri<\/span><\/li>\n<li><span> \u00c7ay \/ kahve ikramlar\u0131<\/span><\/li>\n<li><span> Kongre kat\u0131l\u0131m sertifikas\u0131<\/span><\/li>\n<\/ol>\n\n\t\t<\/div>\n\t<\/div>\n<div  class =\"genesisexpo_module_spacing\"><div class=\"spacing_size spacing_size-initial\" style=\"height:30px;\"><\/div><\/div>  \n<div class=\"vc_btn3-container vc_btn3-center\" ><a class=\"vc_general vc_btn3 vc_btn3-size-lg vc_btn3-shape-rounded vc_btn3-style-modern vc_btn3-block vc_btn3-color-danger\" href=\"http:\/\/editorpanel.org\/idcam2024\/\" title=\"\" target=\"_blank\">B\u0130LD\u0130R\u0130 G\u00d6NDER\u0130M\u0130<\/a><\/div><\/div><\/div><\/div><\/div><div class=\"vc_row wpb_row vc_row-fluid\"><div class=\"wpb_column vc_column_container vc_col-sm-12\"><div class=\"vc_column-inner\"><div class=\"wpb_wrapper\"><\/div><\/div><\/div><\/div>","protected":false},"excerpt":{"rendered":"3750Deadline: May 15, 2024Early Registration PAYMENT 5000After May 15, 2024Late Registration PAYMENT Early Registration Fee (Deadline: May 15, 2024): 3750 TL Late Registration Fee: \u00a05000 TL Registration Fee for Students and Assitances: \u00a03000 TL Registration Fee for Daily Admission: \u00a01500 TL Registration for \u00c7ukurova University Faculty of Dentistry Students: \u00a0 Registration fee includes; Admission to [...]","protected":false},"author":1,"featured_media":0,"parent":0,"menu_order":0,"comment_status":"closed","ping_status":"closed","template":"","meta":{"footnotes":""},"class_list":["post-2295","page","type-page","status-publish","hentry"],"_links":{"self":[{"href":"https:\/\/idcam.org\/tr\/wp-json\/wp\/v2\/pages\/2295","targetHints":{"allow":["GET"]}}],"collection":[{"href":"https:\/\/idcam.org\/tr\/wp-json\/wp\/v2\/pages"}],"about":[{"href":"https:\/\/idcam.org\/tr\/wp-json\/wp\/v2\/types\/page"}],"author":[{"embeddable":true,"href":"https:\/\/idcam.org\/tr\/wp-json\/wp\/v2\/users\/1"}],"replies":[{"embeddable":true,"href":"https:\/\/idcam.org\/tr\/wp-json\/wp\/v2\/comments?post=2295"}],"version-history":[{"count":8,"href":"https:\/\/idcam.org\/tr\/wp-json\/wp\/v2\/pages\/2295\/revisions"}],"predecessor-version":[{"id":2825,"href":"https:\/\/idcam.org\/tr\/wp-json\/wp\/v2\/pages\/2295\/revisions\/2825"}],"wp:attachment":[{"href":"https:\/\/idcam.org\/tr\/wp-json\/wp\/v2\/media?parent=2295"}],"curies":[{"name":"wp","href":"https:\/\/api.w.org\/{rel}","templated":true}]}}