{"id":2379,"date":"2021-09-27T12:18:17","date_gmt":"2021-09-27T12:18:17","guid":{"rendered":"https:\/\/idcam.org\/?page_id=2379"},"modified":"2024-05-15T11:44:33","modified_gmt":"2024-05-15T11:44:33","slug":"social-committee","status":"publish","type":"page","link":"https:\/\/idcam.org\/tr\/social-committee\/","title":{"rendered":"Sosyal Komite"},"content":{"rendered":"<div class=\"vc_row wpb_row vc_row-fluid\"><div class=\"wpb_column vc_column_container vc_col-sm-12\"><div class=\"vc_column-inner\"><div class=\"wpb_wrapper\">\n\t<div class=\"wpb_text_column wpb_content_element\" >\n\t\t<div class=\"wpb_wrapper\">\n\t\t\t<table width=\"480\">\n<tbody>\n<tr>\n<td width=\"192\"><strong>Social Committeee<\/strong><\/td>\n<td width=\"288\">Dr. \u00d6\u011fr. \u00dcyesi Selin \u00c7EL\u0130K \u00d6GE (Ba\u015fkan)<\/td>\n<\/tr>\n<tr>\n<td><\/td>\n<td>Dr. \u00d6\u011fr. \u00dcyesi Nazl\u0131 AYDIN<\/td>\n<\/tr>\n<tr>\n<td><\/td>\n<td>Ar\u015f. G\u00f6r. Dt. Cafer An\u0131l ERDEM<\/td>\n<\/tr>\n<tr>\n<td><\/td>\n<td>Ar\u015f. G\u00f6r. Dt. Bur\u00e7e AKTAN<\/td>\n<\/tr>\n<tr>\n<td><\/td>\n<td>Ar\u015f. G\u00f6r. Dt. Elif \u0130rem KORKMAZ<\/td>\n<\/tr>\n<tr>\n<td><\/td>\n<td>Ar\u015f. G\u00f6r. Dt. Bengisu MAHMUTLUO\u011eLU<\/td>\n<\/tr>\n<tr>\n<td><\/td>\n<td>Ar\u015f. G\u00f6r. Dt. Bilge \u00c7AKAR<\/td>\n<\/tr>\n<tr>\n<td><\/td>\n<td>Ar\u015f. G\u00f6r. Dt. Alper C\u0130C\u0130L\u0130<\/td>\n<\/tr>\n<tr>\n<td><\/td>\n<td>Ar\u015f. G\u00f6r. Dt. Semih KAYGUSUZ<\/td>\n<\/tr>\n<tr>\n<td><\/td>\n<td>Ar\u015f. G\u00f6r. Dt. Mehmet A\u011eRIS<\/td>\n<\/tr>\n<tr>\n<td><\/td>\n<td>Ar\u015f. G\u00f6r. Dt. Alperhan SOLMAZ<\/td>\n<\/tr>\n<tr>\n<td><\/td>\n<td>Ar\u015f. G\u00f6r. Dt. \u0130lke \u00c7ALI\u015eKAN<\/td>\n<\/tr>\n<tr>\n<td><\/td>\n<td>Ar\u015f. G\u00f6r. Dt. Onur OKBAZ<\/td>\n<\/tr>\n<tr>\n<td><\/td>\n<td>Ar\u015f. G\u00f6r. Dt. Damla Su Mente\u015f<\/td>\n<\/tr>\n<tr>\n<td><\/td>\n<td>Ar\u015f. G\u00f6r. Dt. O\u011fuzhan \u00c7EL\u0130K<\/td>\n<\/tr>\n<\/tbody>\n<\/table>\n\n\t\t<\/div>\n\t<\/div>\n<\/div><\/div><\/div><\/div>","protected":false},"excerpt":{"rendered":"Social Committeee Dr. \u00d6\u011fr. \u00dcyesi Selin \u00c7EL\u0130K \u00d6GE (Ba\u015fkan) Dr. \u00d6\u011fr. \u00dcyesi Nazl\u0131 AYDIN Ar\u015f. G\u00f6r. Dt. Cafer An\u0131l ERDEM Ar\u015f. G\u00f6r. Dt. Bur\u00e7e AKTAN Ar\u015f. G\u00f6r. Dt. Elif \u0130rem KORKMAZ Ar\u015f. G\u00f6r. Dt. Bengisu MAHMUTLUO\u011eLU Ar\u015f. G\u00f6r. Dt. Bilge \u00c7AKAR Ar\u015f. G\u00f6r. Dt. Alper C\u0130C\u0130L\u0130 Ar\u015f. G\u00f6r. Dt. Semih KAYGUSUZ Ar\u015f. G\u00f6r. Dt. Mehmet [...]","protected":false},"author":1,"featured_media":0,"parent":0,"menu_order":0,"comment_status":"closed","ping_status":"closed","template":"","meta":{"footnotes":""},"class_list":["post-2379","page","type-page","status-publish","hentry"],"_links":{"self":[{"href":"https:\/\/idcam.org\/tr\/wp-json\/wp\/v2\/pages\/2379","targetHints":{"allow":["GET"]}}],"collection":[{"href":"https:\/\/idcam.org\/tr\/wp-json\/wp\/v2\/pages"}],"about":[{"href":"https:\/\/idcam.org\/tr\/wp-json\/wp\/v2\/types\/page"}],"author":[{"embeddable":true,"href":"https:\/\/idcam.org\/tr\/wp-json\/wp\/v2\/users\/1"}],"replies":[{"embeddable":true,"href":"https:\/\/idcam.org\/tr\/wp-json\/wp\/v2\/comments?post=2379"}],"version-history":[{"count":1,"href":"https:\/\/idcam.org\/tr\/wp-json\/wp\/v2\/pages\/2379\/revisions"}],"predecessor-version":[{"id":2834,"href":"https:\/\/idcam.org\/tr\/wp-json\/wp\/v2\/pages\/2379\/revisions\/2834"}],"wp:attachment":[{"href":"https:\/\/idcam.org\/tr\/wp-json\/wp\/v2\/media?parent=2379"}],"curies":[{"name":"wp","href":"https:\/\/api.w.org\/{rel}","templated":true}]}}