{"id":2634,"date":"2022-12-02T13:19:30","date_gmt":"2022-12-02T13:19:30","guid":{"rendered":"https:\/\/idcam.org\/?page_id=2634"},"modified":"2023-01-09T11:40:59","modified_gmt":"2023-01-09T11:40:59","slug":"past-events-2","status":"publish","type":"page","link":"https:\/\/idcam.org\/tr\/past-events-2\/","title":{"rendered":"Ge\u00e7mi\u015f Kongreler"},"content":{"rendered":"<div class=\"vc_row wpb_row vc_row-fluid\"><div class=\"wpb_column vc_column_container vc_col-sm-12\"><div class=\"vc_column-inner\"><div class=\"wpb_wrapper\">\n\t<div class=\"wpb_text_column wpb_content_element\" >\n\t\t<div class=\"wpb_wrapper\">\n\t\t\t<p style=\"text-align: center;\"><span>\u00c7.\u00dc. Di\u015f Hekimli\u011fi Fak\u00fcltesi Uluslararas\u0131 Eklemeli \u00dcretim Kongresi serisi 2022 y\u0131l\u0131nda ba\u015flam\u0131\u015ft\u0131r.<\/span><\/p>\n<p style=\"text-align: center;\">\u00d6nceki kongrelerin bildiri kitaplar\u0131n\u0131 a\u015fa\u011f\u0131daki linklerden ula\u015fabilirsiniz;<\/p>\n<p style=\"text-align: center;\">\u00d6nceki Kongreler<\/p>\n\n\t\t<\/div>\n\t<\/div>\n<div class=\"vc_row wpb_row vc_inner vc_row-fluid\"><div class=\"wpb_column vc_column_container vc_col-sm-12\"><div class=\"vc_column-inner\"><div class=\"wpb_wrapper\"><div  class=\"genesisexpo_module_button wgl_button wgl_button-xl wgl_button-full aleft\">\n\t<a href=\"https:\/\/idcam.org\/wp-content\/uploads\/2022\/12\/idcam_2022_proceedings_book-1.pdf\" target=\"_blank\" style=\"border-radius:50px; border-width:1px; \" >IDCAM 2022 B\u0130LD\u0130R\u0130 \u00d6ZETLER\u0130 K\u0130TABI<\/a>\n<\/div>\n    \n<\/div><\/div><\/div><\/div><\/div><\/div><\/div><div class=\"wpb_column vc_column_container vc_col-sm-12\"><div class=\"vc_column-inner\"><div class=\"wpb_wrapper\"><\/div><\/div><\/div><\/div><div class=\"vc_row wpb_row vc_row-fluid\"><div class=\"wpb_column vc_column_container vc_col-sm-12\"><div class=\"vc_column-inner\"><div class=\"wpb_wrapper\"><div class=\"wpb_gallery wpb_content_element vc_clearfix\" ><div class=\"wpb_wrapper\"><div class=\"wpb_gallery_slides wpb_flexslider flexslider_fade flexslider\" data-interval=\"3\" data-flex_fx=\"fade\"><ul class=\"slides\"><li><a class=\"prettyphoto\" href=\"https:\/\/idcam.org\/wp-content\/uploads\/2022\/12\/ERAY8022-1024x683.jpg\" data-rel=\"prettyPhoto[rel-2634-2097204463]\"><img loading=\"lazy\" decoding=\"async\" width=\"2560\" height=\"1707\" src=\"https:\/\/idcam.org\/wp-content\/uploads\/2022\/12\/ERAY8022-scaled.jpg\" class=\"attachment-full\" alt=\"\" srcset=\"https:\/\/idcam.org\/wp-content\/uploads\/2022\/12\/ERAY8022-scaled.jpg 2560w, https:\/\/idcam.org\/wp-content\/uploads\/2022\/12\/ERAY8022-300x200.jpg 300w, https:\/\/idcam.org\/wp-content\/uploads\/2022\/12\/ERAY8022-1024x683.jpg 1024w, https:\/\/idcam.org\/wp-content\/uploads\/2022\/12\/ERAY8022-768x512.jpg 768w, https:\/\/idcam.org\/wp-content\/uploads\/2022\/12\/ERAY8022-1536x1024.jpg 1536w, https:\/\/idcam.org\/wp-content\/uploads\/2022\/12\/ERAY8022-2048x1365.jpg 2048w, https:\/\/idcam.org\/wp-content\/uploads\/2022\/12\/ERAY8022-18x12.jpg 18w\" sizes=\"auto, (max-width: 2560px) 100vw, 2560px\" \/><\/a><\/li><li><a class=\"prettyphoto\" href=\"https:\/\/idcam.org\/wp-content\/uploads\/2022\/12\/ERAY7835-1024x683.jpg\" data-rel=\"prettyPhoto[rel-2634-2097204463]\"><img loading=\"lazy\" decoding=\"async\" width=\"2560\" height=\"1707\" src=\"https:\/\/idcam.org\/wp-content\/uploads\/2022\/12\/ERAY7835-scaled.jpg\" class=\"attachment-full\" alt=\"\" srcset=\"https:\/\/idcam.org\/wp-content\/uploads\/2022\/12\/ERAY7835-scaled.jpg 2560w, https:\/\/idcam.org\/wp-content\/uploads\/2022\/12\/ERAY7835-300x200.jpg 300w, https:\/\/idcam.org\/wp-content\/uploads\/2022\/12\/ERAY7835-1024x683.jpg 1024w, https:\/\/idcam.org\/wp-content\/uploads\/2022\/12\/ERAY7835-768x512.jpg 768w, https:\/\/idcam.org\/wp-content\/uploads\/2022\/12\/ERAY7835-1536x1024.jpg 1536w, https:\/\/idcam.org\/wp-content\/uploads\/2022\/12\/ERAY7835-2048x1365.jpg 2048w, https:\/\/idcam.org\/wp-content\/uploads\/2022\/12\/ERAY7835-18x12.jpg 18w\" sizes=\"auto, (max-width: 2560px) 100vw, 2560px\" \/><\/a><\/li><li><a class=\"prettyphoto\" href=\"https:\/\/idcam.org\/wp-content\/uploads\/2022\/12\/ERAY7795-1024x683.jpg\" data-rel=\"prettyPhoto[rel-2634-2097204463]\"><img loading=\"lazy\" decoding=\"async\" width=\"2560\" height=\"1707\" src=\"https:\/\/idcam.org\/wp-content\/uploads\/2022\/12\/ERAY7795-scaled.jpg\" class=\"attachment-full\" alt=\"\" srcset=\"https:\/\/idcam.org\/wp-content\/uploads\/2022\/12\/ERAY7795-scaled.jpg 2560w, https:\/\/idcam.org\/wp-content\/uploads\/2022\/12\/ERAY7795-300x200.jpg 300w, https:\/\/idcam.org\/wp-content\/uploads\/2022\/12\/ERAY7795-1024x683.jpg 1024w, https:\/\/idcam.org\/wp-content\/uploads\/2022\/12\/ERAY7795-768x512.jpg 768w, https:\/\/idcam.org\/wp-content\/uploads\/2022\/12\/ERAY7795-1536x1024.jpg 1536w, https:\/\/idcam.org\/wp-content\/uploads\/2022\/12\/ERAY7795-2048x1365.jpg 2048w, https:\/\/idcam.org\/wp-content\/uploads\/2022\/12\/ERAY7795-18x12.jpg 18w\" sizes=\"auto, (max-width: 2560px) 100vw, 2560px\" \/><\/a><\/li><li><a class=\"prettyphoto\" href=\"https:\/\/idcam.org\/wp-content\/uploads\/2022\/12\/ERAY7789-1024x683.jpg\" data-rel=\"prettyPhoto[rel-2634-2097204463]\"><img loading=\"lazy\" decoding=\"async\" width=\"2560\" height=\"1707\" src=\"https:\/\/idcam.org\/wp-content\/uploads\/2022\/12\/ERAY7789-scaled.jpg\" class=\"attachment-full\" alt=\"\" srcset=\"https:\/\/idcam.org\/wp-content\/uploads\/2022\/12\/ERAY7789-scaled.jpg 2560w, https:\/\/idcam.org\/wp-content\/uploads\/2022\/12\/ERAY7789-300x200.jpg 300w, https:\/\/idcam.org\/wp-content\/uploads\/2022\/12\/ERAY7789-1024x683.jpg 1024w, https:\/\/idcam.org\/wp-content\/uploads\/2022\/12\/ERAY7789-768x512.jpg 768w, https:\/\/idcam.org\/wp-content\/uploads\/2022\/12\/ERAY7789-1536x1024.jpg 1536w, https:\/\/idcam.org\/wp-content\/uploads\/2022\/12\/ERAY7789-2048x1365.jpg 2048w, https:\/\/idcam.org\/wp-content\/uploads\/2022\/12\/ERAY7789-18x12.jpg 18w\" sizes=\"auto, (max-width: 2560px) 100vw, 2560px\" \/><\/a><\/li><li><a class=\"prettyphoto\" href=\"https:\/\/idcam.org\/wp-content\/uploads\/2022\/12\/ERAY7864-1024x683.jpg\" data-rel=\"prettyPhoto[rel-2634-2097204463]\"><img loading=\"lazy\" decoding=\"async\" width=\"2560\" height=\"1707\" src=\"https:\/\/idcam.org\/wp-content\/uploads\/2022\/12\/ERAY7864-scaled.jpg\" class=\"attachment-full\" alt=\"\" srcset=\"https:\/\/idcam.org\/wp-content\/uploads\/2022\/12\/ERAY7864-scaled.jpg 2560w, https:\/\/idcam.org\/wp-content\/uploads\/2022\/12\/ERAY7864-300x200.jpg 300w, https:\/\/idcam.org\/wp-content\/uploads\/2022\/12\/ERAY7864-1024x683.jpg 1024w, https:\/\/idcam.org\/wp-content\/uploads\/2022\/12\/ERAY7864-768x512.jpg 768w, https:\/\/idcam.org\/wp-content\/uploads\/2022\/12\/ERAY7864-1536x1024.jpg 1536w, https:\/\/idcam.org\/wp-content\/uploads\/2022\/12\/ERAY7864-2048x1365.jpg 2048w, https:\/\/idcam.org\/wp-content\/uploads\/2022\/12\/ERAY7864-18x12.jpg 18w\" sizes=\"auto, (max-width: 2560px) 100vw, 2560px\" \/><\/a><\/li><li><a class=\"prettyphoto\" href=\"https:\/\/idcam.org\/wp-content\/uploads\/2022\/12\/ERAY7783-1024x683.jpg\" data-rel=\"prettyPhoto[rel-2634-2097204463]\"><img loading=\"lazy\" decoding=\"async\" width=\"2560\" height=\"1707\" src=\"https:\/\/idcam.org\/wp-content\/uploads\/2022\/12\/ERAY7783-scaled.jpg\" class=\"attachment-full\" alt=\"\" srcset=\"https:\/\/idcam.org\/wp-content\/uploads\/2022\/12\/ERAY7783-scaled.jpg 2560w, https:\/\/idcam.org\/wp-content\/uploads\/2022\/12\/ERAY7783-300x200.jpg 300w, https:\/\/idcam.org\/wp-content\/uploads\/2022\/12\/ERAY7783-1024x683.jpg 1024w, https:\/\/idcam.org\/wp-content\/uploads\/2022\/12\/ERAY7783-768x512.jpg 768w, https:\/\/idcam.org\/wp-content\/uploads\/2022\/12\/ERAY7783-1536x1024.jpg 1536w, https:\/\/idcam.org\/wp-content\/uploads\/2022\/12\/ERAY7783-2048x1365.jpg 2048w, https:\/\/idcam.org\/wp-content\/uploads\/2022\/12\/ERAY7783-18x12.jpg 18w\" sizes=\"auto, (max-width: 2560px) 100vw, 2560px\" \/><\/a><\/li><li><a class=\"prettyphoto\" href=\"https:\/\/idcam.org\/wp-content\/uploads\/2022\/12\/ERAY7763-1024x683.jpg\" data-rel=\"prettyPhoto[rel-2634-2097204463]\"><img loading=\"lazy\" decoding=\"async\" width=\"2560\" height=\"1707\" src=\"https:\/\/idcam.org\/wp-content\/uploads\/2022\/12\/ERAY7763-scaled.jpg\" class=\"attachment-full\" alt=\"\" srcset=\"https:\/\/idcam.org\/wp-content\/uploads\/2022\/12\/ERAY7763-scaled.jpg 2560w, https:\/\/idcam.org\/wp-content\/uploads\/2022\/12\/ERAY7763-300x200.jpg 300w, https:\/\/idcam.org\/wp-content\/uploads\/2022\/12\/ERAY7763-1024x683.jpg 1024w, https:\/\/idcam.org\/wp-content\/uploads\/2022\/12\/ERAY7763-768x512.jpg 768w, https:\/\/idcam.org\/wp-content\/uploads\/2022\/12\/ERAY7763-1536x1024.jpg 1536w, https:\/\/idcam.org\/wp-content\/uploads\/2022\/12\/ERAY7763-2048x1365.jpg 2048w, https:\/\/idcam.org\/wp-content\/uploads\/2022\/12\/ERAY7763-18x12.jpg 18w\" sizes=\"auto, (max-width: 2560px) 100vw, 2560px\" \/><\/a><\/li><li><a class=\"prettyphoto\" href=\"https:\/\/idcam.org\/wp-content\/uploads\/2022\/12\/ERAY7720-1024x683.jpg\" data-rel=\"prettyPhoto[rel-2634-2097204463]\"><img loading=\"lazy\" decoding=\"async\" width=\"2560\" height=\"1707\" src=\"https:\/\/idcam.org\/wp-content\/uploads\/2022\/12\/ERAY7720-scaled.jpg\" class=\"attachment-full\" alt=\"\" srcset=\"https:\/\/idcam.org\/wp-content\/uploads\/2022\/12\/ERAY7720-scaled.jpg 2560w, https:\/\/idcam.org\/wp-content\/uploads\/2022\/12\/ERAY7720-300x200.jpg 300w, https:\/\/idcam.org\/wp-content\/uploads\/2022\/12\/ERAY7720-1024x683.jpg 1024w, https:\/\/idcam.org\/wp-content\/uploads\/2022\/12\/ERAY7720-768x512.jpg 768w, https:\/\/idcam.org\/wp-content\/uploads\/2022\/12\/ERAY7720-1536x1024.jpg 1536w, https:\/\/idcam.org\/wp-content\/uploads\/2022\/12\/ERAY7720-2048x1365.jpg 2048w, https:\/\/idcam.org\/wp-content\/uploads\/2022\/12\/ERAY7720-18x12.jpg 18w\" sizes=\"auto, (max-width: 2560px) 100vw, 2560px\" \/><\/a><\/li><li><a class=\"prettyphoto\" href=\"https:\/\/idcam.org\/wp-content\/uploads\/2022\/12\/ERAY7597-1024x683.jpg\" data-rel=\"prettyPhoto[rel-2634-2097204463]\"><img loading=\"lazy\" decoding=\"async\" width=\"2560\" height=\"1707\" src=\"https:\/\/idcam.org\/wp-content\/uploads\/2022\/12\/ERAY7597-scaled.jpg\" class=\"attachment-full\" alt=\"\" srcset=\"https:\/\/idcam.org\/wp-content\/uploads\/2022\/12\/ERAY7597-scaled.jpg 2560w, https:\/\/idcam.org\/wp-content\/uploads\/2022\/12\/ERAY7597-300x200.jpg 300w, https:\/\/idcam.org\/wp-content\/uploads\/2022\/12\/ERAY7597-1024x683.jpg 1024w, https:\/\/idcam.org\/wp-content\/uploads\/2022\/12\/ERAY7597-768x512.jpg 768w, https:\/\/idcam.org\/wp-content\/uploads\/2022\/12\/ERAY7597-1536x1024.jpg 1536w, https:\/\/idcam.org\/wp-content\/uploads\/2022\/12\/ERAY7597-2048x1365.jpg 2048w, https:\/\/idcam.org\/wp-content\/uploads\/2022\/12\/ERAY7597-18x12.jpg 18w\" sizes=\"auto, (max-width: 2560px) 100vw, 2560px\" \/><\/a><\/li><li><a class=\"prettyphoto\" href=\"https:\/\/idcam.org\/wp-content\/uploads\/2022\/12\/ERAY7396-1-1024x683.jpg\" data-rel=\"prettyPhoto[rel-2634-2097204463]\"><img loading=\"lazy\" decoding=\"async\" width=\"2560\" height=\"1707\" src=\"https:\/\/idcam.org\/wp-content\/uploads\/2022\/12\/ERAY7396-1-scaled.jpg\" class=\"attachment-full\" alt=\"\" srcset=\"https:\/\/idcam.org\/wp-content\/uploads\/2022\/12\/ERAY7396-1-scaled.jpg 2560w, https:\/\/idcam.org\/wp-content\/uploads\/2022\/12\/ERAY7396-1-300x200.jpg 300w, https:\/\/idcam.org\/wp-content\/uploads\/2022\/12\/ERAY7396-1-1024x683.jpg 1024w, https:\/\/idcam.org\/wp-content\/uploads\/2022\/12\/ERAY7396-1-768x512.jpg 768w, https:\/\/idcam.org\/wp-content\/uploads\/2022\/12\/ERAY7396-1-1536x1024.jpg 1536w, https:\/\/idcam.org\/wp-content\/uploads\/2022\/12\/ERAY7396-1-2048x1365.jpg 2048w, https:\/\/idcam.org\/wp-content\/uploads\/2022\/12\/ERAY7396-1-18x12.jpg 18w\" sizes=\"auto, (max-width: 2560px) 100vw, 2560px\" \/><\/a><\/li><li><a class=\"prettyphoto\" href=\"https:\/\/idcam.org\/wp-content\/uploads\/2022\/12\/ERAY7396-1024x683.jpg\" data-rel=\"prettyPhoto[rel-2634-2097204463]\"><img loading=\"lazy\" decoding=\"async\" width=\"2560\" height=\"1707\" src=\"https:\/\/idcam.org\/wp-content\/uploads\/2022\/12\/ERAY7396-scaled.jpg\" class=\"attachment-full\" alt=\"\" srcset=\"https:\/\/idcam.org\/wp-content\/uploads\/2022\/12\/ERAY7396-scaled.jpg 2560w, https:\/\/idcam.org\/wp-content\/uploads\/2022\/12\/ERAY7396-300x200.jpg 300w, https:\/\/idcam.org\/wp-content\/uploads\/2022\/12\/ERAY7396-1024x683.jpg 1024w, https:\/\/idcam.org\/wp-content\/uploads\/2022\/12\/ERAY7396-768x512.jpg 768w, https:\/\/idcam.org\/wp-content\/uploads\/2022\/12\/ERAY7396-1536x1024.jpg 1536w, https:\/\/idcam.org\/wp-content\/uploads\/2022\/12\/ERAY7396-2048x1365.jpg 2048w, https:\/\/idcam.org\/wp-content\/uploads\/2022\/12\/ERAY7396-18x12.jpg 18w\" sizes=\"auto, (max-width: 2560px) 100vw, 2560px\" \/><\/a><\/li><li><a class=\"prettyphoto\" href=\"https:\/\/idcam.org\/wp-content\/uploads\/2022\/12\/ERAY7338-1024x683.jpg\" data-rel=\"prettyPhoto[rel-2634-2097204463]\"><img loading=\"lazy\" decoding=\"async\" width=\"2560\" height=\"1707\" src=\"https:\/\/idcam.org\/wp-content\/uploads\/2022\/12\/ERAY7338-scaled.jpg\" class=\"attachment-full\" alt=\"\" srcset=\"https:\/\/idcam.org\/wp-content\/uploads\/2022\/12\/ERAY7338-scaled.jpg 2560w, https:\/\/idcam.org\/wp-content\/uploads\/2022\/12\/ERAY7338-300x200.jpg 300w, https:\/\/idcam.org\/wp-content\/uploads\/2022\/12\/ERAY7338-1024x683.jpg 1024w, https:\/\/idcam.org\/wp-content\/uploads\/2022\/12\/ERAY7338-768x512.jpg 768w, https:\/\/idcam.org\/wp-content\/uploads\/2022\/12\/ERAY7338-1536x1024.jpg 1536w, https:\/\/idcam.org\/wp-content\/uploads\/2022\/12\/ERAY7338-2048x1365.jpg 2048w, https:\/\/idcam.org\/wp-content\/uploads\/2022\/12\/ERAY7338-18x12.jpg 18w\" sizes=\"auto, (max-width: 2560px) 100vw, 2560px\" \/><\/a><\/li><li><a class=\"prettyphoto\" href=\"https:\/\/idcam.org\/wp-content\/uploads\/2022\/12\/ERAY7333-683x1024.jpg\" data-rel=\"prettyPhoto[rel-2634-2097204463]\"><img loading=\"lazy\" decoding=\"async\" width=\"1707\" height=\"2560\" src=\"https:\/\/idcam.org\/wp-content\/uploads\/2022\/12\/ERAY7333-scaled.jpg\" class=\"attachment-full\" alt=\"\" srcset=\"https:\/\/idcam.org\/wp-content\/uploads\/2022\/12\/ERAY7333-scaled.jpg 1707w, https:\/\/idcam.org\/wp-content\/uploads\/2022\/12\/ERAY7333-200x300.jpg 200w, https:\/\/idcam.org\/wp-content\/uploads\/2022\/12\/ERAY7333-683x1024.jpg 683w, https:\/\/idcam.org\/wp-content\/uploads\/2022\/12\/ERAY7333-768x1152.jpg 768w, https:\/\/idcam.org\/wp-content\/uploads\/2022\/12\/ERAY7333-1024x1536.jpg 1024w, https:\/\/idcam.org\/wp-content\/uploads\/2022\/12\/ERAY7333-1365x2048.jpg 1365w, https:\/\/idcam.org\/wp-content\/uploads\/2022\/12\/ERAY7333-8x12.jpg 8w\" sizes=\"auto, (max-width: 1707px) 100vw, 1707px\" \/><\/a><\/li><li><a class=\"prettyphoto\" href=\"https:\/\/idcam.org\/wp-content\/uploads\/2022\/12\/ERAY7327-1024x683.jpg\" data-rel=\"prettyPhoto[rel-2634-2097204463]\"><img loading=\"lazy\" decoding=\"async\" width=\"2560\" height=\"1707\" src=\"https:\/\/idcam.org\/wp-content\/uploads\/2022\/12\/ERAY7327-scaled.jpg\" class=\"attachment-full\" alt=\"\" srcset=\"https:\/\/idcam.org\/wp-content\/uploads\/2022\/12\/ERAY7327-scaled.jpg 2560w, https:\/\/idcam.org\/wp-content\/uploads\/2022\/12\/ERAY7327-300x200.jpg 300w, https:\/\/idcam.org\/wp-content\/uploads\/2022\/12\/ERAY7327-1024x683.jpg 1024w, https:\/\/idcam.org\/wp-content\/uploads\/2022\/12\/ERAY7327-768x512.jpg 768w, https:\/\/idcam.org\/wp-content\/uploads\/2022\/12\/ERAY7327-1536x1024.jpg 1536w, https:\/\/idcam.org\/wp-content\/uploads\/2022\/12\/ERAY7327-2048x1365.jpg 2048w, https:\/\/idcam.org\/wp-content\/uploads\/2022\/12\/ERAY7327-18x12.jpg 18w\" sizes=\"auto, (max-width: 2560px) 100vw, 2560px\" \/><\/a><\/li><li><a class=\"prettyphoto\" href=\"https:\/\/idcam.org\/wp-content\/uploads\/2022\/12\/ERAY7161-1024x683.jpg\" data-rel=\"prettyPhoto[rel-2634-2097204463]\"><img loading=\"lazy\" decoding=\"async\" width=\"2560\" height=\"1707\" src=\"https:\/\/idcam.org\/wp-content\/uploads\/2022\/12\/ERAY7161-scaled.jpg\" class=\"attachment-full\" alt=\"\" srcset=\"https:\/\/idcam.org\/wp-content\/uploads\/2022\/12\/ERAY7161-scaled.jpg 2560w, https:\/\/idcam.org\/wp-content\/uploads\/2022\/12\/ERAY7161-300x200.jpg 300w, https:\/\/idcam.org\/wp-content\/uploads\/2022\/12\/ERAY7161-1024x683.jpg 1024w, https:\/\/idcam.org\/wp-content\/uploads\/2022\/12\/ERAY7161-768x512.jpg 768w, https:\/\/idcam.org\/wp-content\/uploads\/2022\/12\/ERAY7161-1536x1024.jpg 1536w, https:\/\/idcam.org\/wp-content\/uploads\/2022\/12\/ERAY7161-2048x1365.jpg 2048w, https:\/\/idcam.org\/wp-content\/uploads\/2022\/12\/ERAY7161-18x12.jpg 18w\" sizes=\"auto, (max-width: 2560px) 100vw, 2560px\" \/><\/a><\/li><li><a class=\"prettyphoto\" href=\"https:\/\/idcam.org\/wp-content\/uploads\/2022\/12\/ERAY7146-1024x683.jpg\" data-rel=\"prettyPhoto[rel-2634-2097204463]\"><img loading=\"lazy\" decoding=\"async\" width=\"2560\" height=\"1707\" src=\"https:\/\/idcam.org\/wp-content\/uploads\/2022\/12\/ERAY7146-scaled.jpg\" class=\"attachment-full\" alt=\"\" srcset=\"https:\/\/idcam.org\/wp-content\/uploads\/2022\/12\/ERAY7146-scaled.jpg 2560w, https:\/\/idcam.org\/wp-content\/uploads\/2022\/12\/ERAY7146-300x200.jpg 300w, https:\/\/idcam.org\/wp-content\/uploads\/2022\/12\/ERAY7146-1024x683.jpg 1024w, https:\/\/idcam.org\/wp-content\/uploads\/2022\/12\/ERAY7146-768x512.jpg 768w, https:\/\/idcam.org\/wp-content\/uploads\/2022\/12\/ERAY7146-1536x1024.jpg 1536w, https:\/\/idcam.org\/wp-content\/uploads\/2022\/12\/ERAY7146-2048x1365.jpg 2048w, https:\/\/idcam.org\/wp-content\/uploads\/2022\/12\/ERAY7146-18x12.jpg 18w\" sizes=\"auto, (max-width: 2560px) 100vw, 2560px\" \/><\/a><\/li><li><a class=\"prettyphoto\" href=\"https:\/\/idcam.org\/wp-content\/uploads\/2022\/12\/ERAY7142-1024x683.jpg\" data-rel=\"prettyPhoto[rel-2634-2097204463]\"><img loading=\"lazy\" decoding=\"async\" width=\"2560\" height=\"1707\" src=\"https:\/\/idcam.org\/wp-content\/uploads\/2022\/12\/ERAY7142-scaled.jpg\" class=\"attachment-full\" alt=\"\" srcset=\"https:\/\/idcam.org\/wp-content\/uploads\/2022\/12\/ERAY7142-scaled.jpg 2560w, https:\/\/idcam.org\/wp-content\/uploads\/2022\/12\/ERAY7142-300x200.jpg 300w, https:\/\/idcam.org\/wp-content\/uploads\/2022\/12\/ERAY7142-1024x683.jpg 1024w, https:\/\/idcam.org\/wp-content\/uploads\/2022\/12\/ERAY7142-768x512.jpg 768w, https:\/\/idcam.org\/wp-content\/uploads\/2022\/12\/ERAY7142-1536x1024.jpg 1536w, https:\/\/idcam.org\/wp-content\/uploads\/2022\/12\/ERAY7142-2048x1365.jpg 2048w, https:\/\/idcam.org\/wp-content\/uploads\/2022\/12\/ERAY7142-18x12.jpg 18w\" sizes=\"auto, (max-width: 2560px) 100vw, 2560px\" \/><\/a><\/li><li><a class=\"prettyphoto\" href=\"https:\/\/idcam.org\/wp-content\/uploads\/2022\/12\/ERAY7132-1024x683.jpg\" data-rel=\"prettyPhoto[rel-2634-2097204463]\"><img loading=\"lazy\" decoding=\"async\" width=\"2560\" height=\"1707\" src=\"https:\/\/idcam.org\/wp-content\/uploads\/2022\/12\/ERAY7132-scaled.jpg\" class=\"attachment-full\" alt=\"\" srcset=\"https:\/\/idcam.org\/wp-content\/uploads\/2022\/12\/ERAY7132-scaled.jpg 2560w, https:\/\/idcam.org\/wp-content\/uploads\/2022\/12\/ERAY7132-300x200.jpg 300w, https:\/\/idcam.org\/wp-content\/uploads\/2022\/12\/ERAY7132-1024x683.jpg 1024w, https:\/\/idcam.org\/wp-content\/uploads\/2022\/12\/ERAY7132-768x512.jpg 768w, https:\/\/idcam.org\/wp-content\/uploads\/2022\/12\/ERAY7132-1536x1024.jpg 1536w, https:\/\/idcam.org\/wp-content\/uploads\/2022\/12\/ERAY7132-2048x1365.jpg 2048w, https:\/\/idcam.org\/wp-content\/uploads\/2022\/12\/ERAY7132-18x12.jpg 18w\" sizes=\"auto, (max-width: 2560px) 100vw, 2560px\" \/><\/a><\/li><li><a class=\"prettyphoto\" href=\"https:\/\/idcam.org\/wp-content\/uploads\/2022\/12\/ERAY7125-1024x683.jpg\" data-rel=\"prettyPhoto[rel-2634-2097204463]\"><img loading=\"lazy\" decoding=\"async\" width=\"2560\" height=\"1707\" src=\"https:\/\/idcam.org\/wp-content\/uploads\/2022\/12\/ERAY7125-scaled.jpg\" class=\"attachment-full\" alt=\"\" srcset=\"https:\/\/idcam.org\/wp-content\/uploads\/2022\/12\/ERAY7125-scaled.jpg 2560w, https:\/\/idcam.org\/wp-content\/uploads\/2022\/12\/ERAY7125-300x200.jpg 300w, https:\/\/idcam.org\/wp-content\/uploads\/2022\/12\/ERAY7125-1024x683.jpg 1024w, https:\/\/idcam.org\/wp-content\/uploads\/2022\/12\/ERAY7125-768x512.jpg 768w, https:\/\/idcam.org\/wp-content\/uploads\/2022\/12\/ERAY7125-1536x1024.jpg 1536w, https:\/\/idcam.org\/wp-content\/uploads\/2022\/12\/ERAY7125-2048x1365.jpg 2048w, https:\/\/idcam.org\/wp-content\/uploads\/2022\/12\/ERAY7125-18x12.jpg 18w\" sizes=\"auto, (max-width: 2560px) 100vw, 2560px\" \/><\/a><\/li><li><a class=\"prettyphoto\" href=\"https:\/\/idcam.org\/wp-content\/uploads\/2022\/12\/ERAY7113-1024x683.jpg\" data-rel=\"prettyPhoto[rel-2634-2097204463]\"><img loading=\"lazy\" decoding=\"async\" width=\"2560\" height=\"1707\" src=\"https:\/\/idcam.org\/wp-content\/uploads\/2022\/12\/ERAY7113-scaled.jpg\" class=\"attachment-full\" alt=\"\" srcset=\"https:\/\/idcam.org\/wp-content\/uploads\/2022\/12\/ERAY7113-scaled.jpg 2560w, https:\/\/idcam.org\/wp-content\/uploads\/2022\/12\/ERAY7113-300x200.jpg 300w, https:\/\/idcam.org\/wp-content\/uploads\/2022\/12\/ERAY7113-1024x683.jpg 1024w, https:\/\/idcam.org\/wp-content\/uploads\/2022\/12\/ERAY7113-768x512.jpg 768w, https:\/\/idcam.org\/wp-content\/uploads\/2022\/12\/ERAY7113-1536x1024.jpg 1536w, https:\/\/idcam.org\/wp-content\/uploads\/2022\/12\/ERAY7113-2048x1365.jpg 2048w, https:\/\/idcam.org\/wp-content\/uploads\/2022\/12\/ERAY7113-18x12.jpg 18w\" sizes=\"auto, (max-width: 2560px) 100vw, 2560px\" \/><\/a><\/li><li><a class=\"prettyphoto\" href=\"https:\/\/idcam.org\/wp-content\/uploads\/2022\/12\/ERAY7068-1024x683.jpg\" data-rel=\"prettyPhoto[rel-2634-2097204463]\"><img loading=\"lazy\" decoding=\"async\" width=\"2560\" height=\"1707\" src=\"https:\/\/idcam.org\/wp-content\/uploads\/2022\/12\/ERAY7068-scaled.jpg\" class=\"attachment-full\" alt=\"\" srcset=\"https:\/\/idcam.org\/wp-content\/uploads\/2022\/12\/ERAY7068-scaled.jpg 2560w, https:\/\/idcam.org\/wp-content\/uploads\/2022\/12\/ERAY7068-300x200.jpg 300w, https:\/\/idcam.org\/wp-content\/uploads\/2022\/12\/ERAY7068-1024x683.jpg 1024w, https:\/\/idcam.org\/wp-content\/uploads\/2022\/12\/ERAY7068-768x512.jpg 768w, https:\/\/idcam.org\/wp-content\/uploads\/2022\/12\/ERAY7068-1536x1024.jpg 1536w, https:\/\/idcam.org\/wp-content\/uploads\/2022\/12\/ERAY7068-2048x1365.jpg 2048w, https:\/\/idcam.org\/wp-content\/uploads\/2022\/12\/ERAY7068-18x12.jpg 18w\" sizes=\"auto, (max-width: 2560px) 100vw, 2560px\" \/><\/a><\/li><li><a class=\"prettyphoto\" href=\"https:\/\/idcam.org\/wp-content\/uploads\/2022\/12\/ERAY7050-1024x683.jpg\" data-rel=\"prettyPhoto[rel-2634-2097204463]\"><img loading=\"lazy\" decoding=\"async\" width=\"2560\" height=\"1707\" src=\"https:\/\/idcam.org\/wp-content\/uploads\/2022\/12\/ERAY7050-scaled.jpg\" class=\"attachment-full\" alt=\"\" srcset=\"https:\/\/idcam.org\/wp-content\/uploads\/2022\/12\/ERAY7050-scaled.jpg 2560w, https:\/\/idcam.org\/wp-content\/uploads\/2022\/12\/ERAY7050-300x200.jpg 300w, https:\/\/idcam.org\/wp-content\/uploads\/2022\/12\/ERAY7050-1024x683.jpg 1024w, https:\/\/idcam.org\/wp-content\/uploads\/2022\/12\/ERAY7050-768x512.jpg 768w, https:\/\/idcam.org\/wp-content\/uploads\/2022\/12\/ERAY7050-1536x1024.jpg 1536w, https:\/\/idcam.org\/wp-content\/uploads\/2022\/12\/ERAY7050-2048x1365.jpg 2048w, https:\/\/idcam.org\/wp-content\/uploads\/2022\/12\/ERAY7050-18x12.jpg 18w\" sizes=\"auto, (max-width: 2560px) 100vw, 2560px\" \/><\/a><\/li><\/ul><\/div><\/div><\/div><\/div><\/div><\/div><\/div>","protected":false},"excerpt":{"rendered":"\u00c7ukurova University Faculty of Dentistry International Dental Congress on Additive Manufacturing series has started in 2022 You can find proceeding books of past events below; Past Events; IDCAM 2022 PROCEEDINGS BOOK","protected":false},"author":1,"featured_media":0,"parent":0,"menu_order":0,"comment_status":"closed","ping_status":"closed","template":"","meta":{"footnotes":""},"class_list":["post-2634","page","type-page","status-publish","hentry"],"_links":{"self":[{"href":"https:\/\/idcam.org\/tr\/wp-json\/wp\/v2\/pages\/2634","targetHints":{"allow":["GET"]}}],"collection":[{"href":"https:\/\/idcam.org\/tr\/wp-json\/wp\/v2\/pages"}],"about":[{"href":"https:\/\/idcam.org\/tr\/wp-json\/wp\/v2\/types\/page"}],"author":[{"embeddable":true,"href":"https:\/\/idcam.org\/tr\/wp-json\/wp\/v2\/users\/1"}],"replies":[{"embeddable":true,"href":"https:\/\/idcam.org\/tr\/wp-json\/wp\/v2\/comments?post=2634"}],"version-history":[{"count":1,"href":"https:\/\/idcam.org\/tr\/wp-json\/wp\/v2\/pages\/2634\/revisions"}],"predecessor-version":[{"id":2735,"href":"https:\/\/idcam.org\/tr\/wp-json\/wp\/v2\/pages\/2634\/revisions\/2735"}],"wp:attachment":[{"href":"https:\/\/idcam.org\/tr\/wp-json\/wp\/v2\/media?parent=2634"}],"curies":[{"name":"wp","href":"https:\/\/api.w.org\/{rel}","templated":true}]}}