{"id":363,"date":"2018-10-11T14:47:17","date_gmt":"2018-10-11T14:47:17","guid":{"rendered":"http:\/\/genesisexpo.webgeniuslab.net\/?page_id=363"},"modified":"2023-10-13T07:35:00","modified_gmt":"2023-10-13T07:35:00","slug":"contacts","status":"publish","type":"page","link":"https:\/\/idcam.org\/tr\/contacts\/","title":{"rendered":"\u0130LET\u0130\u015e\u0130M"},"content":{"rendered":"<div class=\"vc_row wpb_row vc_row-fluid\"><div class=\"wpb_column vc_column_container vc_col-sm-6 vc_col-md-4\"><div class=\"vc_column-inner vc_custom_1539770132177\"><div class=\"wpb_wrapper\"><div  class =\"genesisexpo_module_spacing\"><div class=\"spacing_size spacing_size-initial\" style=\"height:12px;\"><\/div><\/div>  \n\n\t<div class=\"wpb_text_column wpb_content_element  vc_custom_1633066759163\" >\n\t\t<div class=\"wpb_wrapper\">\n\t\t\t<h6><span style=\"color: #232323; font-weight: 500; font-size: 18px;\">Whatsapp \u0130leti\u015fim Numaras\u0131:<\/span><\/h6>\n<h3 class=\"section-title\"><span data-animation=\"fadeInRight\" data-animation-delay=\"500\" class=\"title-inner animated fadeInRight visible\"><small>+90 534 660 05 03<\/small><\/span><\/h3>\n<div class=\"wpb_text_column wpb_content_element\">\n<div class=\"wpb_wrapper\"><\/div>\n<\/div>\n\n\t\t<\/div>\n\t<\/div>\n<div  class =\"genesisexpo_module_spacing\"><div class=\"spacing_size spacing_size-initial\" style=\"height:12px;\"><\/div><\/div>  \n\n\t<div class=\"wpb_text_column wpb_content_element  vc_custom_1632744132636\" >\n\t\t<div class=\"wpb_wrapper\">\n\t\t\t<h6><span style=\"color: #232323; font-weight: 500; font-size: 18px;\">E-mail:<\/span><\/h6>\n<h3 class=\"section-title\"><span data-animation=\"fadeInRight\" data-animation-delay=\"500\" class=\"title-inner animated fadeInRight visible\"><small>idcam.info@gmail.com<\/small><\/span><\/h3>\n<div id=\"wpcf7-f1240-p139-o1\" class=\"wpcf7\" dir=\"ltr\" lang=\"en-US\" role=\"form\"><\/div>\n\n\t\t<\/div>\n\t<\/div>\n<div  class =\"genesisexpo_module_spacing\"><div class=\"spacing_size spacing_size-initial\" style=\"height:30px;\"><\/div><\/div>  \n<\/div><\/div><\/div><div class=\"wpb_column vc_column_container vc_col-sm-12\"><div class=\"vc_column-inner\"><div class=\"wpb_wrapper\"><\/div><\/div><\/div><\/div><div class=\"vc_row wpb_row vc_row-fluid\"><div class=\"wpb_column vc_column_container vc_col-sm-12\"><div class=\"vc_column-inner\"><div class=\"wpb_wrapper\"><div  class =\"genesisexpo_module_spacing\"><div class=\"spacing_size spacing_size-initial\" style=\"height:40px;\"><\/div><\/div>  \n<\/div><\/div><\/div><\/div><div class=\"vc_row wpb_row vc_row-fluid box-shadow z-index-1 ohidden vc_custom_1539335670121 vc_row-has-fill\"><div class=\"wpb_column vc_column_container vc_col-sm-12\"><div class=\"vc_column-inner\"><div class=\"wpb_wrapper\"><div class=\"vc_row wpb_row vc_inner vc_row-fluid\"><div class=\"wpb_column vc_column_container vc_col-sm-10\"><div class=\"vc_column-inner\"><div class=\"wpb_wrapper\"><div id=\"genesisexpo_dbl_69df351d1cf90\" class=\"genesisexpo_module_double_headings aleft\"><div class=\"heading_bgtitle\" style=\"font-size:120px; line-height:0.25; font-weight:800; \"><div class=\"heading_bgtitle_desctop\" style=\"font-size:120px; line-height: 0.25;\"><div class=\"heading_bgtitle_tablet\" style=\"font-size:90px; line-height: 0.25;\"><div class=\"heading_bgtitle_mobile\" style=\"font-size:67px; line-height: 0.25;\">IDCAM 2024<\/div><\/div><\/div><\/div><\/div>  \n<div  class =\"genesisexpo_module_spacing\"><div class=\"spacing_size spacing_size-initial\" style=\"height:18px;\"><\/div><\/div>  \n\n\t<div class=\"wpb_text_column wpb_content_element\" >\n\t\t<div class=\"wpb_wrapper\">\n\t\t\t<p>&nbsp;<\/p>\n<p>&nbsp;<\/p>\n<p class=\" translation-block\">\u00c7.\u00dc. Di\u015f Hekimli\u011fi Fak\u00fcltesi 2. Uluslararas\u0131 Di\u015f Hekimli\u011finde Eklemeli \u0130malat Kongresi<\/p>\n<p><span>30 May &#8211; 01 June<\/span><strong>,<\/strong> 2024<strong>\u00a0Adana\/T\u00dcRK\u0130YE<\/strong><\/p>\n\n\t\t<\/div>\n\t<\/div>\n<\/div><\/div><\/div><div class=\"wpb_column vc_column_container vc_col-sm-2 vc_hidden-xs\"><div class=\"vc_column-inner\"><div class=\"wpb_wrapper\"><div  class =\"genesisexpo_module_spacing\"><div class=\"spacing_size spacing_size-initial\" style=\"height:60px;\"><\/div><\/div>  \n<\/div><\/div><\/div><\/div><div  class =\"genesisexpo_module_spacing\"><div class=\"spacing_size spacing_size-initial\" style=\"height:30px;\"><\/div><\/div>  \n<div  class =\"genesisexpo_module_spacing\"><div class=\"spacing_size spacing_size-initial\" style=\"height:30px;\"><\/div><\/div>  \n<\/div><\/div><\/div><\/div>","protected":false},"excerpt":{"rendered":"Whatsapp Contact: +90 534 660 05 03 Email: idcam.info@gmail.com IDCAM 2024 &nbsp; &nbsp; \u00c7ukurova University Faculty of Dentistry 2nd International Dental Congress on Additive Manufacturing 30 May - 01 June, 2024\u00a0\u2013 Adana, TURKEY","protected":false},"author":1,"featured_media":0,"parent":0,"menu_order":0,"comment_status":"closed","ping_status":"closed","template":"","meta":{"footnotes":""},"class_list":["post-363","page","type-page","status-publish","hentry"],"_links":{"self":[{"href":"https:\/\/idcam.org\/tr\/wp-json\/wp\/v2\/pages\/363","targetHints":{"allow":["GET"]}}],"collection":[{"href":"https:\/\/idcam.org\/tr\/wp-json\/wp\/v2\/pages"}],"about":[{"href":"https:\/\/idcam.org\/tr\/wp-json\/wp\/v2\/types\/page"}],"author":[{"embeddable":true,"href":"https:\/\/idcam.org\/tr\/wp-json\/wp\/v2\/users\/1"}],"replies":[{"embeddable":true,"href":"https:\/\/idcam.org\/tr\/wp-json\/wp\/v2\/comments?post=363"}],"version-history":[{"count":1,"href":"https:\/\/idcam.org\/tr\/wp-json\/wp\/v2\/pages\/363\/revisions"}],"predecessor-version":[{"id":2747,"href":"https:\/\/idcam.org\/tr\/wp-json\/wp\/v2\/pages\/363\/revisions\/2747"}],"wp:attachment":[{"href":"https:\/\/idcam.org\/tr\/wp-json\/wp\/v2\/media?parent=363"}],"curies":[{"name":"wp","href":"https:\/\/api.w.org\/{rel}","templated":true}]}}