{"id":475,"date":"2018-10-12T13:23:50","date_gmt":"2018-10-12T13:23:50","guid":{"rendered":"http:\/\/genesisexpo.webgeniuslab.net\/?page_id=475"},"modified":"2024-05-28T07:42:16","modified_gmt":"2024-05-28T07:42:16","slug":"speakers","status":"publish","type":"page","link":"https:\/\/idcam.org\/tr\/speakers\/","title":{"rendered":"Davetli Konu\u015fmac\u0131lar"},"content":{"rendered":"<div class=\"vc_row wpb_row vc_row-fluid\"><div class=\"wpb_column vc_column_container vc_col-sm-1\/5\"><div class=\"vc_column-inner\"><div class=\"wpb_wrapper\">\t\t<div  class=\"wgl_module_team team-col_1 acenter horiz_type shadow_on_hover\">\n\t\t    <div class=\"team-items_wrap clearfix\"  style=\"margin-right:-15px; margin-left:-15px;\" >\n\t\t        <div class=\"team-item\" style=\"padding-right:15px; padding-left:15px;  padding-bottom:30px;\"><div class=\"team-item_content\"><div class=\"team-image_wrap\"><div class=\"team-image\"><a href=\"https:\/\/idcam.org\/tr\/team\/prof-dr-yurdanur-ucar\/\"><img decoding=\"async\" src=\"https:\/\/idcam.org\/wp-content\/uploads\/2022\/12\/YurdanurUcar.jpg\" alt=\"\" \/><\/a><\/div><\/div><div class=\"team-item_info\"><div class=\"team-item_titles\"><h4 class=\"team-title\"><a href=\"https:\/\/idcam.org\/tr\/team\/prof-dr-yurdanur-ucar\/\">Prof. Dr. Yurdanur U\u00c7AR<\/a><\/h4><div class=\"team-department\">[ Protetik Di\u015f Tedavisi, Motto Klinik, Antalya]<\/div><\/div><\/div><div class=\"team-info_svg\"><svg xmlns=\"http:\/\/www.w3.org\/2000\/svg\" viewbox=\"0 0 361.1 62.7\"><path d=\"M59.2,19.4c91.2-28.9,166.6,27.1,224,33.9c37.7,4.5,67.8-9.4,77.9-53.3H0v62.4C11.5,45.7,30.5,29.4,59.2,19.4z\"\/><\/svg><\/div><\/div><\/div>\t\t    <\/div>\n\t\t<\/div>\n\t\t<\/div><\/div><\/div><div class=\"wpb_column vc_column_container vc_col-sm-1\/5\"><div class=\"vc_column-inner\"><div class=\"wpb_wrapper\">\t\t<div  class=\"wgl_module_team team-col_1 acenter horiz_type shadow_on_hover\">\n\t\t    <div class=\"team-items_wrap clearfix\"  style=\"margin-right:-15px; margin-left:-15px;\" >\n\t\t        <div class=\"team-item\" style=\"padding-right:15px; padding-left:15px;  padding-bottom:30px;\"><div class=\"team-item_content\"><div class=\"team-image_wrap\"><div class=\"team-image\"><a href=\"https:\/\/idcam.org\/tr\/team\/prof-dr-simel-ayyildiz\/\"><img decoding=\"async\" src=\"https:\/\/idcam.org\/wp-content\/uploads\/2022\/12\/Prof.-Dr.-Simel-AYYILDIZ-1.jpg\" alt=\"\" \/><\/a><\/div><\/div><div class=\"team-item_info\"><div class=\"team-item_titles\"><h4 class=\"team-title\"><a href=\"https:\/\/idcam.org\/tr\/team\/prof-dr-simel-ayyildiz\/\">Prof. Dr. Simel AYYILDIZ<\/a><\/h4><div class=\"team-department\">[Protetik Di\u015f Tedavisi, Sa\u011fl\u0131k Bilimleri \u00dcniversitesi, Ankara]<\/div><\/div><\/div><div class=\"team-info_svg\"><svg xmlns=\"http:\/\/www.w3.org\/2000\/svg\" viewbox=\"0 0 361.1 62.7\"><path d=\"M59.2,19.4c91.2-28.9,166.6,27.1,224,33.9c37.7,4.5,67.8-9.4,77.9-53.3H0v62.4C11.5,45.7,30.5,29.4,59.2,19.4z\"\/><\/svg><\/div><\/div><\/div>\t\t    <\/div>\n\t\t<\/div>\n\t\t<\/div><\/div><\/div><div class=\"wpb_column vc_column_container vc_col-sm-1\/5\"><div class=\"vc_column-inner\"><div class=\"wpb_wrapper\">\t\t<div  class=\"wgl_module_team team-col_1 acenter horiz_type shadow_on_hover\">\n\t\t    <div class=\"team-items_wrap clearfix\"  style=\"margin-right:-15px; margin-left:-15px;\" >\n\t\t        <div class=\"team-item\" style=\"padding-right:15px; padding-left:15px;  padding-bottom:30px;\"><div class=\"team-item_content\"><div class=\"team-image_wrap\"><div class=\"team-image\"><a href=\"https:\/\/idcam.org\/tr\/team\/prof-dr-burak-yilmaz\/\"><img decoding=\"async\" src=\"https:\/\/idcam.org\/wp-content\/uploads\/2022\/12\/Yilmaz_Burak_01-scaled.jpg\" alt=\"\" \/><\/a><\/div><\/div><div class=\"team-item_info\"><div class=\"team-item_titles\"><h4 class=\"team-title\"><a href=\"https:\/\/idcam.org\/tr\/team\/prof-dr-burak-yilmaz\/\">Prof. Dr. Burak YILMAZ<\/a><\/h4><div class=\"team-department\">[Dijital Dental Teknoloji Laboratuvar Y\u00f6neticisi, Bern \u00dcniversitesi, \u0130svi\u00e7re ]<\/div><\/div><\/div><div class=\"team-info_svg\"><svg xmlns=\"http:\/\/www.w3.org\/2000\/svg\" viewbox=\"0 0 361.1 62.7\"><path d=\"M59.2,19.4c91.2-28.9,166.6,27.1,224,33.9c37.7,4.5,67.8-9.4,77.9-53.3H0v62.4C11.5,45.7,30.5,29.4,59.2,19.4z\"\/><\/svg><\/div><\/div><\/div>\t\t    <\/div>\n\t\t<\/div>\n\t\t<\/div><\/div><\/div><div class=\"wpb_column vc_column_container vc_col-sm-1\/5\"><div class=\"vc_column-inner\"><div class=\"wpb_wrapper\">\t\t<div  class=\"wgl_module_team team-col_1 acenter horiz_type shadow_on_hover\">\n\t\t    <div class=\"team-items_wrap clearfix\"  style=\"margin-right:-15px; margin-left:-15px;\" >\n\t\t        <div class=\"team-item\" style=\"padding-right:15px; padding-left:15px;  padding-bottom:30px;\"><div class=\"team-item_content\"><div class=\"team-image_wrap\"><div class=\"team-image\"><a href=\"https:\/\/idcam.org\/tr\/team\/doc-dr-volkan-ciftci\/\"><img decoding=\"async\" src=\"https:\/\/idcam.org\/wp-content\/uploads\/2022\/12\/vesikalik.jpeg\" alt=\"\" \/><\/a><\/div><\/div><div class=\"team-item_info\"><div class=\"team-item_titles\"><h4 class=\"team-title\"><a href=\"https:\/\/idcam.org\/tr\/team\/doc-dr-volkan-ciftci\/\">Do\u00e7. Dr. Volkan \u00c7\u0130FT\u00c7\u0130<\/a><\/h4><div class=\"team-department\">[Pedodonti A.D, \u00c7ukurova \u00dcniversitesi, Adana]<\/div><\/div><\/div><div class=\"team-info_svg\"><svg xmlns=\"http:\/\/www.w3.org\/2000\/svg\" viewbox=\"0 0 361.1 62.7\"><path d=\"M59.2,19.4c91.2-28.9,166.6,27.1,224,33.9c37.7,4.5,67.8-9.4,77.9-53.3H0v62.4C11.5,45.7,30.5,29.4,59.2,19.4z\"\/><\/svg><\/div><\/div><\/div>\t\t    <\/div>\n\t\t<\/div>\n\t\t<\/div><\/div><\/div><div class=\"wpb_column vc_column_container vc_col-sm-1\/5\"><div class=\"vc_column-inner\"><div class=\"wpb_wrapper\">\t\t<div  class=\"wgl_module_team team-col_1 acenter horiz_type shadow_on_hover\">\n\t\t    <div class=\"team-items_wrap clearfix\"  style=\"margin-right:-15px; margin-left:-15px;\" >\n\t\t        <div class=\"team-item\" style=\"padding-right:15px; padding-left:15px;  padding-bottom:30px;\"><div class=\"team-item_content\"><div class=\"team-image_wrap\"><div class=\"team-image\"><a href=\"https:\/\/idcam.org\/tr\/team\/prof-dr-umit-ertas\/\"><img decoding=\"async\" src=\"https:\/\/idcam.org\/wp-content\/uploads\/2022\/12\/WhatsApp-Image-2023-10-19-at-17.52.19.jpeg\" alt=\"\" \/><\/a><\/div><\/div><div class=\"team-item_info\"><div class=\"team-item_titles\"><h4 class=\"team-title\"><a href=\"https:\/\/idcam.org\/tr\/team\/prof-dr-umit-ertas\/\">Prof. Dr. \u00dcmit ERTA\u015e<\/a><\/h4><div class=\"team-department\">[A\u011f\u0131z Di\u015f ve \u00c7ene Cerrahisi, Atat\u00fcrk \u00dcniversitesi, Erzurum]<\/div><\/div><\/div><div class=\"team-info_svg\"><svg xmlns=\"http:\/\/www.w3.org\/2000\/svg\" viewbox=\"0 0 361.1 62.7\"><path d=\"M59.2,19.4c91.2-28.9,166.6,27.1,224,33.9c37.7,4.5,67.8-9.4,77.9-53.3H0v62.4C11.5,45.7,30.5,29.4,59.2,19.4z\"\/><\/svg><\/div><\/div><\/div>\t\t    <\/div>\n\t\t<\/div>\n\t\t<\/div><\/div><\/div><\/div><div data-vc-full-width=\"true\" data-vc-full-width-init=\"false\" class=\"vc_row wpb_row vc_row-fluid vc_custom_1539351512892 vc_row-has-fill\"><div class=\"wpb_column vc_column_container vc_col-sm-1\/5\"><div class=\"vc_column-inner vc_custom_1539672886493\"><div class=\"wpb_wrapper\">\n\t<div class=\"wpb_text_column wpb_content_element\" >\n\t\t<div class=\"wpb_wrapper\">\n\t\t\t\n\t\t<\/div>\n\t<\/div>\n\t\t<div  class=\"wgl_module_team team-col_1 acenter horiz_type shadow_on_hover\">\n\t\t    <div class=\"team-items_wrap clearfix\"  style=\"margin-right:-15px; margin-left:-15px;\" >\n\t\t        <div class=\"team-item\" style=\"padding-right:15px; padding-left:15px;  padding-bottom:30px;\"><div class=\"team-item_content\"><div class=\"team-image_wrap\"><div class=\"team-image\"><a href=\"https:\/\/idcam.org\/tr\/team\/dr-ogr-uyesi-nagehan-aktas\/\"><img decoding=\"async\" src=\"https:\/\/idcam.org\/wp-content\/uploads\/2023\/12\/nagehan.png\" alt=\"\" \/><\/a><\/div><\/div><div class=\"team-item_info\"><div class=\"team-item_titles\"><h4 class=\"team-title\"><a href=\"https:\/\/idcam.org\/tr\/team\/dr-ogr-uyesi-nagehan-aktas\/\">Dr. \u00d6\u011fr. \u00dcyesi Nagehan AKTA\u015e<\/a><\/h4><div class=\"team-department\">[Gazi \u00dcniversitesi Di\u015f Hekimli\u011fi Fak\u00fcltesi \u00c7ocuk Di\u015f Hekimli\u011fi Anabilim Dal\u0131]<\/div><\/div><\/div><div class=\"team-info_svg\"><svg xmlns=\"http:\/\/www.w3.org\/2000\/svg\" viewbox=\"0 0 361.1 62.7\"><path d=\"M59.2,19.4c91.2-28.9,166.6,27.1,224,33.9c37.7,4.5,67.8-9.4,77.9-53.3H0v62.4C11.5,45.7,30.5,29.4,59.2,19.4z\"\/><\/svg><\/div><\/div><\/div>\t\t    <\/div>\n\t\t<\/div>\n\t\t<\/div><\/div><\/div><div class=\"wpb_column vc_column_container vc_col-sm-1\/5\"><div class=\"vc_column-inner\"><div class=\"wpb_wrapper\">\t\t<div  class=\"wgl_module_team team-col_1 acenter horiz_type shadow_on_hover\">\n\t\t    <div class=\"team-items_wrap clearfix\"  style=\"margin-right:-15px; margin-left:-15px;\" >\n\t\t        <div class=\"team-item\" style=\"padding-right:15px; padding-left:15px;  padding-bottom:30px;\"><div class=\"team-item_content\"><div class=\"team-image_wrap\"><div class=\"team-image\"><a href=\"https:\/\/idcam.org\/tr\/team\/dr-ogr-uyesi-cenk-ahmet-akcan\/\"><img decoding=\"async\" src=\"https:\/\/idcam.org\/wp-content\/uploads\/2022\/12\/WhatsApp-Image-2023-12-06-at-07.59.07.jpeg\" alt=\"\" \/><\/a><\/div><\/div><div class=\"team-item_info\"><div class=\"team-item_titles\"><h4 class=\"team-title\"><a href=\"https:\/\/idcam.org\/tr\/team\/dr-ogr-uyesi-cenk-ahmet-akcan\/\">Dr. \u00d6\u011fr. \u00dcyesi Cenk Ahmet AKCAN<\/a><\/h4><div class=\"team-department\">[Ortodonti A.D, Hacettepe \u00dcniversitesi, Ankara]<\/div><\/div><\/div><div class=\"team-info_svg\"><svg xmlns=\"http:\/\/www.w3.org\/2000\/svg\" viewbox=\"0 0 361.1 62.7\"><path d=\"M59.2,19.4c91.2-28.9,166.6,27.1,224,33.9c37.7,4.5,67.8-9.4,77.9-53.3H0v62.4C11.5,45.7,30.5,29.4,59.2,19.4z\"\/><\/svg><\/div><\/div><\/div>\t\t    <\/div>\n\t\t<\/div>\n\t\t<\/div><\/div><\/div><div class=\"wpb_column vc_column_container vc_col-sm-1\/5\"><div class=\"vc_column-inner\"><div class=\"wpb_wrapper\">\t\t<div  class=\"wgl_module_team team-col_1 acenter horiz_type shadow_on_hover\">\n\t\t    <div class=\"team-items_wrap clearfix\"  style=\"margin-right:-15px; margin-left:-15px;\" >\n\t\t        <div class=\"team-item\" style=\"padding-right:15px; padding-left:15px;  padding-bottom:30px;\"><div class=\"team-item_content\"><div class=\"team-image_wrap\"><div class=\"team-image\"><a href=\"https:\/\/idcam.org\/tr\/team\/dr-umut-tekin\/\"><img decoding=\"async\" src=\"https:\/\/idcam.org\/wp-content\/uploads\/2024\/01\/WhatsApp-Image-2023-12-25-at-12.31.14.jpeg\" alt=\"\" \/><\/a><\/div><\/div><div class=\"team-item_info\"><div class=\"team-item_titles\"><h4 class=\"team-title\"><a href=\"https:\/\/idcam.org\/tr\/team\/dr-umut-tekin\/\">Prof.Dr. Umut Tekin<\/a><\/h4><div class=\"team-department\">[Sa\u011fl\u0131k Bilimleri \u00dcniversitesi, G\u00fclhane Di\u015f Hekimli\u011fi Fak\u00fcltesi, A\u011f\u0131z, Di\u015f ve \u00c7ene Cerrahisi Anabilim Dal\u0131]<\/div><\/div><\/div><div class=\"team-info_svg\"><svg xmlns=\"http:\/\/www.w3.org\/2000\/svg\" viewbox=\"0 0 361.1 62.7\"><path d=\"M59.2,19.4c91.2-28.9,166.6,27.1,224,33.9c37.7,4.5,67.8-9.4,77.9-53.3H0v62.4C11.5,45.7,30.5,29.4,59.2,19.4z\"\/><\/svg><\/div><\/div><\/div>\t\t    <\/div>\n\t\t<\/div>\n\t\t<\/div><\/div><\/div><div class=\"wpb_column vc_column_container vc_col-sm-1\/5\"><div class=\"vc_column-inner\"><div class=\"wpb_wrapper\">\t\t<div  class=\"wgl_module_team team-col_1 acenter horiz_type shadow_on_hover\">\n\t\t    <div class=\"team-items_wrap clearfix\"  style=\"margin-right:-15px; margin-left:-15px;\" >\n\t\t        <div class=\"team-item\" style=\"padding-right:15px; padding-left:15px;  padding-bottom:30px;\"><div class=\"team-item_content\"><div class=\"team-image_wrap\"><div class=\"team-image\"><a href=\"https:\/\/idcam.org\/tr\/team\/dr-ahmad-ai-hassiny\/\"><img decoding=\"async\" src=\"https:\/\/idcam.org\/wp-content\/uploads\/2023\/12\/WhatsApp-Image-2023-12-18-at-12.17.27.jpeg\" alt=\"\" \/><\/a><\/div><\/div><div class=\"team-item_info\"><div class=\"team-item_titles\"><h4 class=\"team-title\"><a href=\"https:\/\/idcam.org\/tr\/team\/dr-ahmad-ai-hassiny\/\">Dr. Ahmad AI-Hassiny<\/a><\/h4><div class=\"team-department\">[Institute of Digital Dentistry]<\/div><\/div><\/div><div class=\"team-info_svg\"><svg xmlns=\"http:\/\/www.w3.org\/2000\/svg\" viewbox=\"0 0 361.1 62.7\"><path d=\"M59.2,19.4c91.2-28.9,166.6,27.1,224,33.9c37.7,4.5,67.8-9.4,77.9-53.3H0v62.4C11.5,45.7,30.5,29.4,59.2,19.4z\"\/><\/svg><\/div><\/div><\/div>\t\t    <\/div>\n\t\t<\/div>\n\t\t<\/div><\/div><\/div><div class=\"wpb_column vc_column_container vc_col-sm-1\/5\"><div class=\"vc_column-inner\"><div class=\"wpb_wrapper\">\t\t<div  class=\"wgl_module_team team-col_1 acenter horiz_type shadow_on_hover\">\n\t\t    <div class=\"team-items_wrap clearfix\"  style=\"margin-right:-15px; margin-left:-15px;\" >\n\t\t        <div class=\"team-item\" style=\"padding-right:15px; padding-left:15px;  padding-bottom:30px;\"><div class=\"team-item_content\"><div class=\"team-image_wrap\"><div class=\"team-image\"><a href=\"https:\/\/idcam.org\/tr\/team\/dr-can-tukel\/\"><img decoding=\"async\" src=\"https:\/\/idcam.org\/wp-content\/uploads\/2024\/02\/can_tukel.jpg\" alt=\"\" \/><\/a><\/div><\/div><div class=\"team-item_info\"><div class=\"team-item_titles\"><h4 class=\"team-title\"><a href=\"https:\/\/idcam.org\/tr\/team\/dr-can-tukel\/\">Do\u00e7.Dr. Can T\u00dcKEL<\/a><\/h4><div class=\"team-department\">[\u00c7ukurova \u00dcniversitesi, Di\u015f Hekimli\u011fi Fak\u00fcltesi]<\/div><\/div><\/div><div class=\"team-info_svg\"><svg xmlns=\"http:\/\/www.w3.org\/2000\/svg\" viewbox=\"0 0 361.1 62.7\"><path d=\"M59.2,19.4c91.2-28.9,166.6,27.1,224,33.9c37.7,4.5,67.8-9.4,77.9-53.3H0v62.4C11.5,45.7,30.5,29.4,59.2,19.4z\"\/><\/svg><\/div><\/div><\/div>\t\t    <\/div>\n\t\t<\/div>\n\t\t<\/div><\/div><\/div><\/div><div class=\"vc_row-full-width vc_clearfix\"><\/div><div data-vc-full-width=\"true\" data-vc-full-width-init=\"false\" class=\"vc_row wpb_row vc_row-fluid vc_custom_1539351512892 vc_row-has-fill\"><div class=\"wpb_column vc_column_container vc_col-sm-3\"><div class=\"vc_column-inner vc_custom_1539672886493\"><div class=\"wpb_wrapper\">\n\t<div class=\"wpb_text_column wpb_content_element\" >\n\t\t<div class=\"wpb_wrapper\">\n\t\t\t\n\t\t<\/div>\n\t<\/div>\n\t\t<div  class=\"wgl_module_team team-col_1 acenter horiz_type shadow_on_hover\">\n\t\t    <div class=\"team-items_wrap clearfix\"  style=\"margin-right:-15px; margin-left:-15px;\" >\n\t\t        <div class=\"team-item\" style=\"padding-right:15px; padding-left:15px;  padding-bottom:30px;\"><div class=\"team-item_content\"><div class=\"team-image_wrap\"><div class=\"team-image\"><a href=\"https:\/\/idcam.org\/tr\/team\/dr-bekir-baysal\/\"><img decoding=\"async\" src=\"https:\/\/idcam.org\/wp-content\/uploads\/2024\/05\/WhatsApp-Image-2024-05-27-at-13.31.22.jpeg\" alt=\"\" \/><\/a><\/div><\/div><div class=\"team-item_info\"><div class=\"team-item_titles\"><h4 class=\"team-title\"><a href=\"https:\/\/idcam.org\/tr\/team\/dr-bekir-baysal\/\">Dr. Bekir Baysal<\/a><\/h4><div class=\"team-department\">[Ata\u015fehir Inovadent Ortodonti Klini\u011fi]<\/div><\/div><\/div><div class=\"team-info_svg\"><svg xmlns=\"http:\/\/www.w3.org\/2000\/svg\" viewbox=\"0 0 361.1 62.7\"><path d=\"M59.2,19.4c91.2-28.9,166.6,27.1,224,33.9c37.7,4.5,67.8-9.4,77.9-53.3H0v62.4C11.5,45.7,30.5,29.4,59.2,19.4z\"\/><\/svg><\/div><\/div><\/div>\t\t    <\/div>\n\t\t<\/div>\n\t\t<\/div><\/div><\/div><div class=\"wpb_column vc_column_container vc_col-sm-3\"><div class=\"vc_column-inner\"><div class=\"wpb_wrapper\">\t\t<div  class=\"wgl_module_team team-col_1 acenter horiz_type shadow_on_hover\">\n\t\t    <div class=\"team-items_wrap clearfix\"  style=\"margin-right:-15px; margin-left:-15px;\" >\n\t\t        <div class=\"team-item\" style=\"padding-right:15px; padding-left:15px;  padding-bottom:30px;\"><div class=\"team-item_content\"><div class=\"team-image_wrap\"><div class=\"team-image\"><a href=\"https:\/\/idcam.org\/tr\/team\/dr-elisa-praderi\/\"><img decoding=\"async\" src=\"https:\/\/idcam.org\/wp-content\/uploads\/2024\/05\/WhatsApp-Image-2024-04-22-at-08.39.04.jpeg\" alt=\"\" \/><\/a><\/div><\/div><div class=\"team-item_info\"><div class=\"team-item_titles\"><h4 class=\"team-title\"><a href=\"https:\/\/idcam.org\/tr\/team\/dr-elisa-praderi\/\">Dr. Elisa Praderi<\/a><\/h4><div class=\"team-department\">[Senior Clinical Protocols &amp; KOL Manager, Formlabs Dental]<\/div><\/div><\/div><div class=\"team-info_svg\"><svg xmlns=\"http:\/\/www.w3.org\/2000\/svg\" viewbox=\"0 0 361.1 62.7\"><path d=\"M59.2,19.4c91.2-28.9,166.6,27.1,224,33.9c37.7,4.5,67.8-9.4,77.9-53.3H0v62.4C11.5,45.7,30.5,29.4,59.2,19.4z\"\/><\/svg><\/div><\/div><\/div>\t\t    <\/div>\n\t\t<\/div>\n\t\t<\/div><\/div><\/div><div class=\"wpb_column vc_column_container vc_col-sm-3\"><div class=\"vc_column-inner\"><div class=\"wpb_wrapper\">\t\t<div  class=\"wgl_module_team team-col_1 acenter horiz_type shadow_on_hover\">\n\t\t    <div class=\"team-items_wrap clearfix\"  style=\"margin-right:-15px; margin-left:-15px;\" >\n\t\t        <div class=\"team-item\" style=\"padding-right:15px; padding-left:15px;  padding-bottom:30px;\"><div class=\"team-item_content\"><div class=\"team-image_wrap\"><div class=\"team-image\"><a href=\"https:\/\/idcam.org\/tr\/team\/dis-hekimi-yonetmen-bekir-cilgin\/\"><img decoding=\"async\" src=\"https:\/\/idcam.org\/wp-content\/uploads\/2024\/05\/WhatsApp-Image-2024-05-15-at-11.33.49-scaled.jpeg\" alt=\"\" \/><\/a><\/div><\/div><div class=\"team-item_info\"><div class=\"team-item_titles\"><h4 class=\"team-title\"><a href=\"https:\/\/idcam.org\/tr\/team\/dis-hekimi-yonetmen-bekir-cilgin\/\">Di\u015f Hekimi &#038; Y\u00f6netmen Bekir \u00c7\u0131lg\u0131n<\/a><\/h4><div class=\"team-department\">[ Klinik Turkuaz A\u011f\u0131z ve Di\u015f Sa\u011fl\u0131\u011f\u0131 Poliklini\u011fi]<\/div><\/div><\/div><div class=\"team-info_svg\"><svg xmlns=\"http:\/\/www.w3.org\/2000\/svg\" viewbox=\"0 0 361.1 62.7\"><path d=\"M59.2,19.4c91.2-28.9,166.6,27.1,224,33.9c37.7,4.5,67.8-9.4,77.9-53.3H0v62.4C11.5,45.7,30.5,29.4,59.2,19.4z\"\/><\/svg><\/div><\/div><\/div>\t\t    <\/div>\n\t\t<\/div>\n\t\t<\/div><\/div><\/div><div class=\"wpb_column vc_column_container vc_col-sm-3\"><div class=\"vc_column-inner\"><div class=\"wpb_wrapper\">\t\t<div  class=\"wgl_module_team team-col_1 acenter horiz_type shadow_on_hover\">\n\t\t    <div class=\"team-items_wrap clearfix\"  style=\"margin-right:-15px; margin-left:-15px;\" >\n\t\t        <div class=\"team-item\" style=\"padding-right:15px; padding-left:15px;  padding-bottom:30px;\"><div class=\"team-item_content\"><div class=\"team-image_wrap\"><div class=\"team-image\"><a href=\"https:\/\/idcam.org\/tr\/team\/cdt-can-tolay\/\"><img decoding=\"async\" src=\"https:\/\/idcam.org\/wp-content\/uploads\/2023\/12\/can_tolay.png\" alt=\"\" \/><\/a><\/div><\/div><div class=\"team-item_info\"><div class=\"team-item_titles\"><h4 class=\"team-title\"><a href=\"https:\/\/idcam.org\/tr\/team\/cdt-can-tolay\/\">Cdt. Can TOLAY<\/a><\/h4><\/div><\/div><div class=\"team-info_svg\"><svg xmlns=\"http:\/\/www.w3.org\/2000\/svg\" viewbox=\"0 0 361.1 62.7\"><path d=\"M59.2,19.4c91.2-28.9,166.6,27.1,224,33.9c37.7,4.5,67.8-9.4,77.9-53.3H0v62.4C11.5,45.7,30.5,29.4,59.2,19.4z\"\/><\/svg><\/div><\/div><\/div>\t\t    <\/div>\n\t\t<\/div>\n\t\t<\/div><\/div><\/div><\/div><div class=\"vc_row-full-width vc_clearfix\"><\/div><div class=\"vc_row wpb_row vc_row-fluid\"><div class=\"wpb_column vc_column_container vc_col-sm-12\"><div class=\"vc_column-inner\"><div class=\"wpb_wrapper\"><\/div><\/div><\/div><\/div>","protected":false},"excerpt":{"rendered":"KLINIK VE KABORATUVAR I\u0307LETI\u0307S\u0327I\u0307MI\u0307NDE DI\u0307JI\u0307TALLES\u0327MENI\u0307N O\u0308NEMI\u0307","protected":false},"author":1,"featured_media":0,"parent":0,"menu_order":0,"comment_status":"closed","ping_status":"closed","template":"","meta":{"footnotes":""},"class_list":["post-475","page","type-page","status-publish","hentry"],"_links":{"self":[{"href":"https:\/\/idcam.org\/tr\/wp-json\/wp\/v2\/pages\/475","targetHints":{"allow":["GET"]}}],"collection":[{"href":"https:\/\/idcam.org\/tr\/wp-json\/wp\/v2\/pages"}],"about":[{"href":"https:\/\/idcam.org\/tr\/wp-json\/wp\/v2\/types\/page"}],"author":[{"embeddable":true,"href":"https:\/\/idcam.org\/tr\/wp-json\/wp\/v2\/users\/1"}],"replies":[{"embeddable":true,"href":"https:\/\/idcam.org\/tr\/wp-json\/wp\/v2\/comments?post=475"}],"version-history":[{"count":9,"href":"https:\/\/idcam.org\/tr\/wp-json\/wp\/v2\/pages\/475\/revisions"}],"predecessor-version":[{"id":2869,"href":"https:\/\/idcam.org\/tr\/wp-json\/wp\/v2\/pages\/475\/revisions\/2869"}],"wp:attachment":[{"href":"https:\/\/idcam.org\/tr\/wp-json\/wp\/v2\/media?parent=475"}],"curies":[{"name":"wp","href":"https:\/\/api.w.org\/{rel}","templated":true}]}}