{"id":527,"date":"2018-10-12T15:01:30","date_gmt":"2018-10-12T15:01:30","guid":{"rendered":"http:\/\/genesisexpo.webgeniuslab.net\/?page_id=527"},"modified":"2018-10-12T15:01:30","modified_gmt":"2018-10-12T15:01:30","slug":"speakers-horizontal","status":"publish","type":"page","link":"https:\/\/idcam.org\/tr\/speakers-horizontal\/","title":{"rendered":"Speakers Horizontal"},"content":{"rendered":"<div class=\"vc_row wpb_row vc_row-fluid vc_row-o-content-bottom vc_row-flex\"><div class=\"wpb_column vc_column_container vc_col-sm-6 vc_hidden-sm vc_hidden-xs\"><div class=\"vc_column-inner\"><div class=\"wpb_wrapper\">\n\t<div class=\"wpb_text_column wpb_content_element\" >\n\t\t<div class=\"wpb_wrapper\">\n\t\t\t<p><img loading=\"lazy\" decoding=\"async\" class=\"alignnone size-full wp-image-616\" src=\"https:\/\/idcam.org\/wp-content\/uploads\/2018\/10\/section_12.png\" alt=\"\" width=\"592\" height=\"600\" \/><\/p>\n\n\t\t<\/div>\n\t<\/div>\n<\/div><\/div><\/div><div class=\"wpb_column vc_column_container vc_col-sm-12 vc_col-lg-offset-1 vc_col-lg-5 vc_col-md-6\"><div class=\"vc_column-inner\"><div class=\"wpb_wrapper\"><div id=\"genesisexpo_dbl_69f3ec6ef127a\" class=\"genesisexpo_module_double_headings aleft\"><div class=\"heading_bgtitle\" style=\"font-size:120px; line-height:0.25; font-weight:800; \"><div class=\"heading_bgtitle_desctop\" style=\"font-size:120px; line-height: 0.25;\"><div class=\"heading_bgtitle_tablet\" style=\"font-size:90px; line-height: 0.25;\"><div class=\"heading_bgtitle_mobile\" style=\"font-size:60px; line-height: 0.25;\">About<\/div><\/div><\/div><\/div><div class=\"heading_subtitle\" style=\"font-size:22px; line-height:16px; font-weight:400; \">[Who&#039;s Speaking]<\/div><div class=\"heading_title\" style=\"font-size:40px; line-height:1.3; font-weight:500; \">Team of Speakers<\/div><\/div>  \n<div  class =\"genesisexpo_module_spacing\"><div class=\"spacing_size spacing_size-initial\" style=\"height:18px;\"><\/div><\/div>  \n\n\t<div class=\"wpb_text_column wpb_content_element\" >\n\t\t<div class=\"wpb_wrapper\">\n\t\t\t<p>Twice a year, a group of interesting and impactful people gathers for the week-long experience \u2014 which attendees have described as &#8220;the ultimate brain spa&#8221; and &#8220;a journey into the future in the company of those creating it.&#8221;<\/p>\n\n\t\t<\/div>\n\t<\/div>\n<div  class =\"genesisexpo_module_spacing\"><div class=\"spacing_size spacing_size-initial\" style=\"height:40px;\"><\/div><\/div>  \n<div class=\"vc_row wpb_row vc_inner vc_row-fluid\"><div class=\"wpb_column vc_column_container vc_col-sm-6 vc_col-md-5 vc_col-xs-6\"><div class=\"vc_column-inner\"><div class=\"wpb_wrapper\"><div  class=\"genesisexpo_module_counter type_default layout_top counter_alignment_left\"><div class=\"counter_value_wrap\"  style=\"font-weight:500; \"><span class=\"counter_value\">27<\/span><span class=\"counter_value_suffix\">+<\/span><\/div><div class=\"counter_title\"  style=\"font-size:18px; font-weight:400; \">Web Developers<\/div><\/div>    \n<div  class =\"genesisexpo_module_spacing\"><div class=\"spacing_size spacing_size-initial\" style=\"height:30px;\"><\/div><\/div>  \n<\/div><\/div><\/div><div class=\"wpb_column vc_column_container vc_col-sm-6 vc_col-md-5 vc_col-xs-6\"><div class=\"vc_column-inner\"><div class=\"wpb_wrapper\"><div  class=\"genesisexpo_module_counter type_default layout_top counter_alignment_left\"><div class=\"counter_value_wrap\"  style=\"font-weight:500; \"><span class=\"counter_value\">15<\/span><span class=\"counter_value_suffix\">+<\/span><\/div><div class=\"counter_title\"  style=\"font-size:18px; font-weight:400; \">UI Designers<\/div><\/div>    \n<div  class =\"genesisexpo_module_spacing\"><div class=\"spacing_size spacing_size-initial\" style=\"height:30px;\"><\/div><\/div>  \n<\/div><\/div><\/div><div class=\"wpb_column vc_column_container vc_col-sm-2 vc_hidden-sm vc_hidden-xs\"><div class=\"vc_column-inner\"><div class=\"wpb_wrapper\"><\/div><\/div><\/div><\/div><div  class =\"genesisexpo_module_spacing\"><div class=\"spacing_size spacing_size-initial\" style=\"height:60px;\"><\/div><\/div>  \n<\/div><\/div><\/div><\/div><div data-vc-full-width=\"true\" data-vc-full-width-init=\"false\" data-vc-stretch-content=\"true\" class=\"vc_row wpb_row vc_row-fluid vc_custom_1539588333642 vc_row-has-fill\"><div class=\"wpb_column vc_column_container vc_col-sm-12\"><div class=\"vc_column-inner\"><div class=\"wpb_wrapper\"><div  class =\"genesisexpo_module_spacing\"><div class=\"spacing_size spacing_size-initial\" style=\"height:43px;\"><\/div><\/div>  \n<br \/>\n<b>Warning<\/b>:  Trying to access array offset on false in <b>\/home\/idcam.org\/public_html\/wp-content\/themes\/genesisexpo\/wpb\/templates\/wgl_clients.php<\/b> on line <b>90<\/b><br \/>\n<br \/>\n<b>Warning<\/b>:  Trying to access array offset on false in <b>\/home\/idcam.org\/public_html\/wp-content\/themes\/genesisexpo\/wpb\/templates\/wgl_clients.php<\/b> on line <b>90<\/b><br \/>\n<br \/>\n<b>Warning<\/b>:  Trying to access array offset on false in <b>\/home\/idcam.org\/public_html\/wp-content\/themes\/genesisexpo\/wpb\/templates\/wgl_clients.php<\/b> on line <b>90<\/b><br \/>\n<br \/>\n<b>Warning<\/b>:  Trying to access array offset on false in <b>\/home\/idcam.org\/public_html\/wp-content\/themes\/genesisexpo\/wpb\/templates\/wgl_clients.php<\/b> on line <b>90<\/b><br \/>\n<br \/>\n<b>Warning<\/b>:  Trying to access array offset on false in <b>\/home\/idcam.org\/public_html\/wp-content\/themes\/genesisexpo\/wpb\/templates\/wgl_clients.php<\/b> on line <b>90<\/b><br \/>\n<br \/>\n<b>Warning<\/b>:  Trying to access array offset on false in <b>\/home\/idcam.org\/public_html\/wp-content\/themes\/genesisexpo\/wpb\/templates\/wgl_clients.php<\/b> on line <b>90<\/b><br \/>\n<div class=\"genesisexpo_module_clients clearfix item_anim-zoom carousel-enabled\"><div id=\"genesisexpo_carousel_69f3ec6f001a7\" class=\"genesisexpo_module_carousel pag_align_center\"><div class=\"genesisexpo_carousel_slick\" data-slick='{\"slidesToShow\":6,\"slidesToScroll\":1,\"infinite\":true,\"autoplay\":true,\"autoplaySpeed\":\"3000\",\"speed\":300,\"arrows\":false,\"dots\":false,\"adaptiveHeight\":false,\"responsive\":[{\"breakpoint\":1025,\"settings\":{\"slidesToShow\":4,\"slidesToScroll\":1}},{\"breakpoint\":800,\"settings\":{\"slidesToShow\":2,\"slidesToScroll\":1}},{\"breakpoint\":480,\"settings\":{\"slidesToShow\":1,\"slidesToScroll\":1}}]}'><div class=\"clients_image\"><a href=\"#\" target=\"\" title=\"\" rel=\"\" ><img decoding=\"async\" class=\"main_image\" src=\"\" alt=\"\" \/><\/a><\/div><div class=\"clients_image\"><a href=\"#\" target=\"\" title=\"\" rel=\"\" ><img decoding=\"async\" class=\"main_image\" src=\"\" alt=\"\" \/><\/a><\/div><div class=\"clients_image\"><a href=\"#\" target=\"\" title=\"\" rel=\"\" ><img decoding=\"async\" class=\"main_image\" src=\"\" alt=\"\" \/><\/a><\/div><div class=\"clients_image\"><a href=\"#\" target=\"\" title=\"\" rel=\"\" ><img decoding=\"async\" class=\"main_image\" src=\"\" alt=\"\" \/><\/a><\/div><div class=\"clients_image\"><a href=\"#\" target=\"\" title=\"\" rel=\"\" ><img decoding=\"async\" class=\"main_image\" src=\"\" alt=\"\" \/><\/a><\/div><div class=\"clients_image\"><a href=\"#\" target=\"\" title=\"\" rel=\"\" ><img decoding=\"async\" class=\"main_image\" src=\"\" alt=\"\" \/><\/a><\/div><\/div><\/div><\/div><div  class =\"genesisexpo_module_spacing\"><div class=\"spacing_size spacing_size-initial\" style=\"height:56px;\"><\/div><\/div>  \n<\/div><\/div><\/div><\/div><div class=\"vc_row-full-width vc_clearfix\"><\/div><div class=\"vc_row wpb_row vc_row-fluid\"><div class=\"wpb_column vc_column_container vc_col-sm-12\"><div class=\"vc_column-inner\"><div class=\"wpb_wrapper\"><div  class =\"genesisexpo_module_spacing\"><div class=\"spacing_size spacing_size-initial\" style=\"height:55px;\"><\/div><\/div>  \n<div id=\"genesisexpo_dbl_69f3ec6f00616\" class=\"genesisexpo_module_double_headings acenter\"><div class=\"heading_bgtitle\" style=\"font-size:120px; line-height:0.25; font-weight:800; \"><div class=\"heading_bgtitle_desctop\" style=\"font-size:120px; line-height: 0.25;\"><div class=\"heading_bgtitle_tablet\" style=\"font-size:90px; line-height: 0.25;\"><div class=\"heading_bgtitle_mobile\" style=\"font-size:50px; line-height: 0.25;\">Speakers<\/div><\/div><\/div><\/div><div class=\"heading_subtitle\" style=\"font-size:22px; line-height:16px; font-weight:400; \">Our Speakers<\/div><div class=\"heading_title\" style=\"font-size:40px; line-height:1.3; font-weight:500; \">Who&#039;s Speaking?<\/div><\/div>  \n<div  class =\"genesisexpo_module_spacing\"><div class=\"spacing_size spacing_size-initial\" style=\"height:18px;\"><\/div><\/div>  \n<div class=\"vc_row wpb_row vc_inner vc_row-fluid\"><div class=\"wpb_column vc_column_container vc_col-sm-12 vc_col-lg-offset-3 vc_col-lg-6 vc_col-md-offset-2 vc_col-md-8\"><div class=\"vc_column-inner\"><div class=\"wpb_wrapper\">\n\t<div class=\"wpb_text_column wpb_content_element\" >\n\t\t<div class=\"wpb_wrapper\">\n\t\t\t<p style=\"text-align: center;\">Hear 9 inspiring talks, meet the best product people in Europe, and party together after the event!<\/p>\n\n\t\t<\/div>\n\t<\/div>\n<\/div><\/div><\/div><\/div><div  class =\"genesisexpo_module_spacing\"><div class=\"spacing_size spacing_size-initial\" style=\"height:40px;\"><\/div><\/div>  \n\t\t<div id=\"genesisexpo_team_69f3ec6f00984\" class=\"wgl_module_team team-col_2 aleft horiz_type shadow_on_hover\">\n\t\t    <div class=\"team-items_wrap clearfix\"  style=\"margin-right:-15px; margin-left:-15px;\" >\n\t\t        <div class=\"team-item\" style=\"padding-right:15px; padding-left:15px;  padding-bottom:30px;\"><div class=\"team-item_content\"><div class=\"team-image_wrap\"><div class=\"team-image\"><img decoding=\"async\" src=\"https:\/\/idcam.org\/wp-content\/uploads\/2022\/12\/YurdanurUcar-1000x1000.jpg\" alt=\"\" \/><\/div><\/div><div class=\"team-item_info\"><div class=\"team-item_titles\"><h4 class=\"team-title\"><a href=\"https:\/\/idcam.org\/tr\/team\/prof-dr-yurdanur-ucar\/\">Prof. Dr. Yurdanur U\u00c7AR<\/a><\/h4><div class=\"team-department\">[ Protetik Di\u015f Tedavisi, Motto Klinik, Antalya]<\/div><\/div><div class=\"team-item_excerpt\">Klinik Di\u015f Hekimli\u011fi Uygulamalar\u0131nda Eklemeli \u0130malat\n&nbsp;\nKonu\u015fma s\u0131ras\u0131nda gerek metal tozu gerekse polimerik re\u00e7ine kullan\u0131larak di\u015f<\/div><\/div><div class=\"team-info_svg\"><svg xmlns=\"http:\/\/www.w3.org\/2000\/svg\" viewbox=\"0 0 361.1 62.7\"><path d=\"M59.2,19.4c91.2-28.9,166.6,27.1,224,33.9c37.7,4.5,67.8-9.4,77.9-53.3H0v62.4C11.5,45.7,30.5,29.4,59.2,19.4z\"\/><\/svg><\/div><\/div><\/div><div class=\"team-item\" style=\"padding-right:15px; padding-left:15px;  padding-bottom:30px;\"><div class=\"team-item_content\"><div class=\"team-image_wrap\"><div class=\"team-image\"><img decoding=\"async\" src=\"https:\/\/idcam.org\/wp-content\/uploads\/2022\/12\/Prof.-Dr.-Simel-AYYILDIZ-1-1000x1000.jpg\" alt=\"\" \/><\/div><\/div><div class=\"team-item_info\"><div class=\"team-item_titles\"><h4 class=\"team-title\"><a href=\"https:\/\/idcam.org\/tr\/team\/prof-dr-simel-ayyildiz\/\">Prof. Dr. Simel AYYILDIZ<\/a><\/h4><div class=\"team-department\">[Protetik Di\u015f Tedavisi, Sa\u011fl\u0131k Bilimleri \u00dcniversitesi, Ankara]<\/div><\/div><div class=\"team-item_excerpt\">\n\t\n\t\t\n\t\t\tMET\u00dcM ve 3B Yaz\u0131c\u0131lar\u0131n Di\u015f Hekimli\u011finde Kullan\u0131m\u0131\nYa\u015famakta oldu\u011fumuz d\u00fcnya g\u00fcn be g\u00fcn geli\u015fiyor, evrimle\u015fiyor ve end\u00fcstriyel<\/div><\/div><div class=\"team-info_svg\"><svg xmlns=\"http:\/\/www.w3.org\/2000\/svg\" viewbox=\"0 0 361.1 62.7\"><path d=\"M59.2,19.4c91.2-28.9,166.6,27.1,224,33.9c37.7,4.5,67.8-9.4,77.9-53.3H0v62.4C11.5,45.7,30.5,29.4,59.2,19.4z\"\/><\/svg><\/div><\/div><\/div><div class=\"team-item\" style=\"padding-right:15px; padding-left:15px;  padding-bottom:30px;\"><div class=\"team-item_content\"><div class=\"team-image_wrap\"><div class=\"team-image\"><img decoding=\"async\" src=\"https:\/\/idcam.org\/wp-content\/uploads\/2022\/12\/Yilmaz_Burak_01-scaled-1000x1000.jpg\" alt=\"\" \/><\/div><\/div><div class=\"team-item_info\"><div class=\"team-item_titles\"><h4 class=\"team-title\"><a href=\"https:\/\/idcam.org\/tr\/team\/prof-dr-burak-yilmaz\/\">Prof. Dr. Burak YILMAZ<\/a><\/h4><div class=\"team-department\">[Dijital Dental Teknoloji Laboratuvar Y\u00f6neticisi, Bern \u00dcniversitesi, \u0130svi\u00e7re ]<\/div><\/div><div class=\"team-item_excerpt\">Eklemeli Imalat ile Uretilebilen Daimi Restorasyonlar\nSon donemde eklemeli imalat teknolojilerindeki gelismeler sayesinde ureticiler<\/div><\/div><div class=\"team-info_svg\"><svg xmlns=\"http:\/\/www.w3.org\/2000\/svg\" viewbox=\"0 0 361.1 62.7\"><path d=\"M59.2,19.4c91.2-28.9,166.6,27.1,224,33.9c37.7,4.5,67.8-9.4,77.9-53.3H0v62.4C11.5,45.7,30.5,29.4,59.2,19.4z\"\/><\/svg><\/div><\/div><\/div><div class=\"team-item\" style=\"padding-right:15px; padding-left:15px;  padding-bottom:30px;\"><div class=\"team-item_content\"><div class=\"team-image_wrap\"><div class=\"team-image\"><img decoding=\"async\" src=\"https:\/\/idcam.org\/wp-content\/uploads\/2022\/12\/WhatsApp-Image-2023-10-19-at-17.52.19-1000x1000.jpeg\" alt=\"\" \/><\/div><\/div><div class=\"team-item_info\"><div class=\"team-item_titles\"><h4 class=\"team-title\"><a href=\"https:\/\/idcam.org\/tr\/team\/prof-dr-umit-ertas\/\">Prof. Dr. \u00dcmit ERTA\u015e<\/a><\/h4><div class=\"team-department\">[A\u011f\u0131z Di\u015f ve \u00c7ene Cerrahisi, Atat\u00fcrk \u00dcniversitesi, Erzurum]<\/div><\/div><div class=\"team-item_excerpt\">Maksillofasiyal B\u00f6lgede \u00dc\u00e7 Boyutlu \u0130malatlar \u0130le Rekonstr\u00fcksiyon\nMaksillofasial b\u00f6lgede yer alan t\u00fcm\u00f6rlerin rezeksiyonu sonras\u0131 mevcut<\/div><\/div><div class=\"team-info_svg\"><svg xmlns=\"http:\/\/www.w3.org\/2000\/svg\" viewbox=\"0 0 361.1 62.7\"><path d=\"M59.2,19.4c91.2-28.9,166.6,27.1,224,33.9c37.7,4.5,67.8-9.4,77.9-53.3H0v62.4C11.5,45.7,30.5,29.4,59.2,19.4z\"\/><\/svg><\/div><\/div><\/div><div class=\"team-item\" style=\"padding-right:15px; padding-left:15px;  padding-bottom:30px;\"><div class=\"team-item_content\"><div class=\"team-image_wrap\"><div class=\"team-image\"><img decoding=\"async\" src=\"https:\/\/idcam.org\/wp-content\/uploads\/2022\/12\/vesikalik-1000x1000.jpeg\" alt=\"\" \/><\/div><\/div><div class=\"team-item_info\"><div class=\"team-item_titles\"><h4 class=\"team-title\"><a href=\"https:\/\/idcam.org\/tr\/team\/doc-dr-volkan-ciftci\/\">Do\u00e7. Dr. Volkan \u00c7\u0130FT\u00c7\u0130<\/a><\/h4><div class=\"team-department\">[Pedodonti A.D, \u00c7ukurova \u00dcniversitesi, Adana]<\/div><\/div><div class=\"team-item_excerpt\">\n\t\n\t\t\n\t\t\tThree\u2011dimensional printing: Perspective of Pediatric Dentistry\nThree\u2013dimensional (3D) printing, commonly known as additive<\/div><\/div><div class=\"team-info_svg\"><svg xmlns=\"http:\/\/www.w3.org\/2000\/svg\" viewbox=\"0 0 361.1 62.7\"><path d=\"M59.2,19.4c91.2-28.9,166.6,27.1,224,33.9c37.7,4.5,67.8-9.4,77.9-53.3H0v62.4C11.5,45.7,30.5,29.4,59.2,19.4z\"\/><\/svg><\/div><\/div><\/div><div class=\"team-item\" style=\"padding-right:15px; padding-left:15px;  padding-bottom:30px;\"><div class=\"team-item_content\"><div class=\"team-image_wrap\"><div class=\"team-image\"><img decoding=\"async\" src=\"https:\/\/idcam.org\/wp-content\/uploads\/2022\/12\/WhatsApp-Image-2023-12-06-at-07.59.07-1000x1000.jpeg\" alt=\"\" \/><\/div><\/div><div class=\"team-item_info\"><div class=\"team-item_titles\"><h4 class=\"team-title\"><a href=\"https:\/\/idcam.org\/tr\/team\/dr-ogr-uyesi-cenk-ahmet-akcan\/\">Dr. \u00d6\u011fr. \u00dcyesi Cenk Ahmet AKCAN<\/a><\/h4><div class=\"team-department\">[Ortodonti A.D, Hacettepe \u00dcniversitesi, Ankara]<\/div><\/div><div class=\"team-item_excerpt\">Ortodontide Eklemeli \u0130malat Teknolojilerinin Kullan\u0131m\u0131\n&nbsp;\n3D bask\u0131 olarak da bilinen katmanl\u0131 yada eklemeli imalat, sa\u011fl\u0131k dahil<\/div><\/div><div class=\"team-info_svg\"><svg xmlns=\"http:\/\/www.w3.org\/2000\/svg\" viewbox=\"0 0 361.1 62.7\"><path d=\"M59.2,19.4c91.2-28.9,166.6,27.1,224,33.9c37.7,4.5,67.8-9.4,77.9-53.3H0v62.4C11.5,45.7,30.5,29.4,59.2,19.4z\"\/><\/svg><\/div><\/div><\/div>\t\t    <\/div>\n\t\t<\/div>\n\t\t<div  class =\"genesisexpo_module_spacing\"><div class=\"spacing_size spacing_size-initial\" style=\"height:30px;\"><\/div><\/div>  \n<div id=\"genesisexpo_button_69f3ec6f088a7\" class=\"genesisexpo_module_button wgl_button wgl_button-xl acenter\">\n\t<a href=\"https:\/\/idcam.org\/tr\/team\/\" style=\"border-radius:50px; border-width:1px; \" >Load More<\/a>\n<\/div>\n    \n<div  class =\"genesisexpo_module_spacing\"><div class=\"spacing_size spacing_size-initial\" style=\"height:50px;\"><\/div><\/div>  \n<\/div><\/div><\/div><\/div>","protected":false},"excerpt":{"rendered":"Ortodontide Eklemeli \u0130malat Teknolojilerinin Kullan\u0131m\u0131 &nbsp; 3D bask\u0131 olarak da bilinen katmanl\u0131 yada eklemeli imalat, sa\u011fl\u0131k dahil bir\u00e7ok sekt\u00f6rde \u00f6nemli ilerlemeler kaydetmi\u015ftir. Ortodontide, katmanl\u0131 imalat teknolojileri geleneksel di\u015f apareyleri ve cihazlar\u0131n\u0131n \u00fcretim y\u00f6ntemlerini devrim niteli\u011finde de\u011fi\u015ftirmi\u015ftir. \u0130\u015fte ortodontide katmanl\u0131 imalat\u0131n baz\u0131 \u00f6nemli y\u00f6nleri: &nbsp; \u00d6zelle\u015ftirme ve Ki\u015fiselle\u015ftirme: - Ortodontide katmanl\u0131 imalat\u0131n \u00f6nemli avantajlar\u0131ndan biri y\u00fcksek [...]","protected":false},"author":1,"featured_media":0,"parent":0,"menu_order":0,"comment_status":"closed","ping_status":"closed","template":"","meta":{"footnotes":""},"class_list":["post-527","page","type-page","status-publish","hentry"],"_links":{"self":[{"href":"https:\/\/idcam.org\/tr\/wp-json\/wp\/v2\/pages\/527","targetHints":{"allow":["GET"]}}],"collection":[{"href":"https:\/\/idcam.org\/tr\/wp-json\/wp\/v2\/pages"}],"about":[{"href":"https:\/\/idcam.org\/tr\/wp-json\/wp\/v2\/types\/page"}],"author":[{"embeddable":true,"href":"https:\/\/idcam.org\/tr\/wp-json\/wp\/v2\/users\/1"}],"replies":[{"embeddable":true,"href":"https:\/\/idcam.org\/tr\/wp-json\/wp\/v2\/comments?post=527"}],"version-history":[{"count":0,"href":"https:\/\/idcam.org\/tr\/wp-json\/wp\/v2\/pages\/527\/revisions"}],"wp:attachment":[{"href":"https:\/\/idcam.org\/tr\/wp-json\/wp\/v2\/media?parent=527"}],"curies":[{"name":"wp","href":"https:\/\/api.w.org\/{rel}","templated":true}]}}