{"id":989,"date":"2021-02-01T11:48:15","date_gmt":"2021-02-01T11:48:15","guid":{"rendered":"http:\/\/genesisexpo.webgeniuslab.net\/?page_id=989"},"modified":"2021-09-28T08:43:21","modified_gmt":"2021-09-28T08:43:21","slug":"publication-oppurtunities","status":"publish","type":"page","link":"https:\/\/idcam.org\/tr\/publication-oppurtunities\/","title":{"rendered":"YAYIN"},"content":{"rendered":"<div class=\"vc_row wpb_row vc_row-fluid\"><div class=\"wpb_column vc_column_container vc_col-sm-12\"><div class=\"vc_column-inner\"><div class=\"wpb_wrapper\"><div id=\"genesisexpo_dbl_69e1c0aeadaae\" class=\"genesisexpo_module_double_headings acenter\"><div class=\"heading_bgtitle\" style=\"font-size:120px; line-height:0.25; font-weight:800; \"><div class=\"heading_bgtitle_desctop\" style=\"font-size:120px; line-height: 0.25;\"><div class=\"heading_bgtitle_tablet\" style=\"font-size:90px; line-height: 0.25;\"><div class=\"heading_bgtitle_mobile\" style=\"font-size:50px; line-height: 0.25;\">YAYIN<\/div><\/div><\/div><\/div><\/div>  \n<div  class =\"genesisexpo_module_spacing\"><div class=\"spacing_size spacing_size-initial\" style=\"height:18px;\"><\/div><\/div>  \n<div  class =\"genesisexpo_module_spacing\"><div class=\"spacing_size spacing_size-initial\" style=\"height:40px;\"><\/div><\/div>  \n<\/div><\/div><\/div><\/div><div class=\"vc_row wpb_row vc_row-fluid\"><div class=\"wpb_column vc_column_container vc_col-sm-12\"><div class=\"vc_column-inner\"><div class=\"wpb_wrapper\"><section class=\"vc_cta3-container\"><div class=\"vc_general vc_cta3 vc_cta3-style-3d vc_cta3-shape-rounded vc_cta3-align-center vc_cta3-color-violet vc_cta3-icon-size-md\"><div class=\"vc_cta3_content-container\"><div class=\"vc_cta3-content\"><header class=\"vc_cta3-content-header\"><h2>G\u00f6nderilen t\u00fcm \u00f6zetler, iki yetkili hakem taraf\u0131ndan hakem de\u011ferlendirmesine tabi tutulacakt\u0131r. Kongrede sunulan bildiriler ge\u00e7erli bir ISBN numaras\u0131 ile bildiri kitap\u00e7\u0131\u011f\u0131nda bas\u0131lacakt\u0131r.<\/h2><\/header><\/div><\/div><\/div><\/section><\/div><\/div><\/div><\/div>","protected":false},"excerpt":{"rendered":"PUBLICATION The papers presented in the congress will be published in the Proceeding Book with valid ISBN","protected":false},"author":1,"featured_media":0,"parent":0,"menu_order":0,"comment_status":"closed","ping_status":"closed","template":"","meta":{"footnotes":""},"class_list":["post-989","page","type-page","status-publish","hentry"],"_links":{"self":[{"href":"https:\/\/idcam.org\/tr\/wp-json\/wp\/v2\/pages\/989","targetHints":{"allow":["GET"]}}],"collection":[{"href":"https:\/\/idcam.org\/tr\/wp-json\/wp\/v2\/pages"}],"about":[{"href":"https:\/\/idcam.org\/tr\/wp-json\/wp\/v2\/types\/page"}],"author":[{"embeddable":true,"href":"https:\/\/idcam.org\/tr\/wp-json\/wp\/v2\/users\/1"}],"replies":[{"embeddable":true,"href":"https:\/\/idcam.org\/tr\/wp-json\/wp\/v2\/comments?post=989"}],"version-history":[{"count":0,"href":"https:\/\/idcam.org\/tr\/wp-json\/wp\/v2\/pages\/989\/revisions"}],"wp:attachment":[{"href":"https:\/\/idcam.org\/tr\/wp-json\/wp\/v2\/media?parent=989"}],"curies":[{"name":"wp","href":"https:\/\/api.w.org\/{rel}","templated":true}]}}